{"id":8737,"date":"2023-06-27T10:00:14","date_gmt":"2023-06-27T08:00:14","guid":{"rendered":"https:\/\/vinoljubac.hr\/?post_type=product&#038;p=8737"},"modified":"2024-01-15T08:29:59","modified_gmt":"2024-01-15T07:29:59","slug":"kalazic-pinot-sivi-premium","status":"publish","type":"product","link":"https:\/\/vinoljubac.hr\/hr\/proizvod\/kalazic-pinot-sivi-premium\/","title":{"rendered":"KALAZI\u0106 PINOT SIVI PREMIUM"},"content":{"rendered":"","protected":false},"excerpt":{"rendered":"<p>Pinot sivi iznimno je atraktivnog mirisa koji obiluje zrelim pa i prezrelim vo\u0107nim aromama kontinentalnog vo\u0107a poput jabuka, banana i kru\u0161aka. Zrelost aroma o\u010dituje se i u dodatnim herbalnim primjesama za\u010dinskog karaktera. Okus je, poput mirisa, tako\u0111er zrelog karaktera te nagla\u0161ene puno\u0107e kojoj, uz sna\u017ean alkohol, ponajvi\u0161e doprinosi obilan ekstrakt \u010dije je bogatstvo osim za puno\u0107u zaslu\u017eno i za dugotrajan i privla\u010dan retrookus vo\u0107nog karaktera.<\/p>","protected":false},"featured_media":0,"comment_status":"open","ping_status":"closed","template":"","meta":{"om_disable_all_campaigns":false,"_monsterinsights_skip_tracking":false,"_monsterinsights_sitenote_active":false,"_monsterinsights_sitenote_note":"","_monsterinsights_sitenote_category":0},"product_brand":[],"product_cat":[225,44],"product_tag":[],"class_list":{"0":"post-8737","1":"product","2":"type-product","3":"status-publish","5":"product_cat-pinot-gray","6":"product_cat-white-wines","7":"pa_alcohol-457","8":"pa_colour-white","9":"pa_country-croatia","10":"pa_region-slavonia-and-croatian-danube","11":"pa_residual-sugar-dry","12":"pa_subregion-croatian-danube","13":"pa_variety-pinot-gray","14":"pa_vineyard-baranja","15":"pa_volume-750-ml","17":"first","18":"instock","19":"taxable","20":"shipping-taxable","21":"product-type-simple"},"_links":{"self":[{"href":"https:\/\/vinoljubac.hr\/hr\/wp-json\/wp\/v2\/product\/8737","targetHints":{"allow":["GET"]}}],"collection":[{"href":"https:\/\/vinoljubac.hr\/hr\/wp-json\/wp\/v2\/product"}],"about":[{"href":"https:\/\/vinoljubac.hr\/hr\/wp-json\/wp\/v2\/types\/product"}],"replies":[{"embeddable":true,"href":"https:\/\/vinoljubac.hr\/hr\/wp-json\/wp\/v2\/comments?post=8737"}],"version-history":[{"count":0,"href":"https:\/\/vinoljubac.hr\/hr\/wp-json\/wp\/v2\/product\/8737\/revisions"}],"wp:attachment":[{"href":"https:\/\/vinoljubac.hr\/hr\/wp-json\/wp\/v2\/media?parent=8737"}],"wp:term":[{"taxonomy":"product_brand","embeddable":true,"href":"https:\/\/vinoljubac.hr\/hr\/wp-json\/wp\/v2\/product_brand?post=8737"},{"taxonomy":"product_cat","embeddable":true,"href":"https:\/\/vinoljubac.hr\/hr\/wp-json\/wp\/v2\/product_cat?post=8737"},{"taxonomy":"product_tag","embeddable":true,"href":"https:\/\/vinoljubac.hr\/hr\/wp-json\/wp\/v2\/product_tag?post=8737"}],"curies":[{"name":"wp","href":"https:\/\/api.w.org\/{rel}","templated":true}]}}