{"id":8743,"date":"2023-06-27T10:41:48","date_gmt":"2023-06-27T08:41:48","guid":{"rendered":"https:\/\/vinoljubac.hr\/?post_type=product&#038;p=8743"},"modified":"2025-04-09T09:27:46","modified_gmt":"2025-04-09T07:27:46","slug":"kalazic-rajnski-rizling-silver-line","status":"publish","type":"product","link":"https:\/\/vinoljubac.hr\/hr\/proizvod\/kalazic-rajnski-rizling-silver-line\/","title":{"rendered":"KALAZI\u0106 RAJNSKI RIZLING SILVER LINE"},"content":{"rendered":"","protected":false},"excerpt":{"rendered":"<p>Ovaj baranjski primjerak kralja bijelih vina u pravom smislu predstavlja mlado, poletno vino koje osvaja nje\u017enim, ali izra\u017eajnim vo\u0107nim aromama citrusa, vinogradske breskve i cvijeta akacije. Lijepo nagla\u0161ena svje\u017eina poti\u010de so\u010dnost i daje \u0161armantnu \u017eivahnost ovom vinu.<\/p>","protected":false},"featured_media":0,"comment_status":"open","ping_status":"closed","template":"","meta":{"om_disable_all_campaigns":false,"_monsterinsights_skip_tracking":false,"_monsterinsights_sitenote_active":false,"_monsterinsights_sitenote_note":"","_monsterinsights_sitenote_category":0},"product_brand":[],"product_cat":[51,44],"product_tag":[],"class_list":{"0":"post-8743","1":"product","2":"type-product","3":"status-publish","5":"product_cat-riesling","6":"product_cat-white-wines","7":"pa_alcohol-138","8":"pa_colour-white","9":"pa_country-croatia","10":"pa_region-slavonia-and-croatian-danube","11":"pa_residual-sugar-semi-dry","12":"pa_subregion-croatian-danube","13":"pa_variety-riesling","14":"pa_vineyard-baranja","15":"pa_volume-750-ml","17":"first","18":"instock","19":"taxable","20":"shipping-taxable","21":"product-type-simple"},"_links":{"self":[{"href":"https:\/\/vinoljubac.hr\/hr\/wp-json\/wp\/v2\/product\/8743","targetHints":{"allow":["GET"]}}],"collection":[{"href":"https:\/\/vinoljubac.hr\/hr\/wp-json\/wp\/v2\/product"}],"about":[{"href":"https:\/\/vinoljubac.hr\/hr\/wp-json\/wp\/v2\/types\/product"}],"replies":[{"embeddable":true,"href":"https:\/\/vinoljubac.hr\/hr\/wp-json\/wp\/v2\/comments?post=8743"}],"version-history":[{"count":1,"href":"https:\/\/vinoljubac.hr\/hr\/wp-json\/wp\/v2\/product\/8743\/revisions"}],"predecessor-version":[{"id":11268,"href":"https:\/\/vinoljubac.hr\/hr\/wp-json\/wp\/v2\/product\/8743\/revisions\/11268"}],"wp:attachment":[{"href":"https:\/\/vinoljubac.hr\/hr\/wp-json\/wp\/v2\/media?parent=8743"}],"wp:term":[{"taxonomy":"product_brand","embeddable":true,"href":"https:\/\/vinoljubac.hr\/hr\/wp-json\/wp\/v2\/product_brand?post=8743"},{"taxonomy":"product_cat","embeddable":true,"href":"https:\/\/vinoljubac.hr\/hr\/wp-json\/wp\/v2\/product_cat?post=8743"},{"taxonomy":"product_tag","embeddable":true,"href":"https:\/\/vinoljubac.hr\/hr\/wp-json\/wp\/v2\/product_tag?post=8743"}],"curies":[{"name":"wp","href":"https:\/\/api.w.org\/{rel}","templated":true}]}}