{"id":8746,"date":"2023-06-27T10:48:20","date_gmt":"2023-06-27T08:48:20","guid":{"rendered":"https:\/\/vinoljubac.hr\/?post_type=product&#038;p=8746"},"modified":"2025-04-09T09:28:07","modified_gmt":"2025-04-09T07:28:07","slug":"kalazic-rose-silver-line","status":"publish","type":"product","link":"https:\/\/vinoljubac.hr\/hr\/proizvod\/kalazic-rose-silver-line\/","title":{"rendered":"KALAZI\u0106 ROS\u00c9 SILVER LINE"},"content":{"rendered":"","protected":false},"excerpt":{"rendered":"<p>Nje\u017ena i zavodljiva svijetloru\u017ei\u010dasta boja, izra\u017eena svje\u017eina i nje\u017ene arome maline i jagode odlike su ovog iznimnog ru\u017ei\u010dastog vina.<\/p>","protected":false},"featured_media":0,"comment_status":"open","ping_status":"closed","template":"","meta":{"om_disable_all_campaigns":false,"_monsterinsights_skip_tracking":false,"_monsterinsights_sitenote_active":false,"_monsterinsights_sitenote_note":"","_monsterinsights_sitenote_category":0},"product_brand":[],"product_cat":[238,78],"product_tag":[],"class_list":{"0":"post-8746","1":"product","2":"type-product","3":"status-publish","5":"product_cat-frankovka-rose-wines","6":"product_cat-rose-wines","7":"pa_alcohol-138","8":"pa_colour-rose","9":"pa_country-croatia","10":"pa_region-slavonia-and-croatian-danube","11":"pa_residual-sugar-semi-dry","12":"pa_subregion-croatian-danube","13":"pa_variety-frankovka","14":"pa_vineyard-baranja","15":"pa_volume-750-ml","17":"first","18":"instock","19":"taxable","20":"shipping-taxable","21":"product-type-simple"},"_links":{"self":[{"href":"https:\/\/vinoljubac.hr\/hr\/wp-json\/wp\/v2\/product\/8746","targetHints":{"allow":["GET"]}}],"collection":[{"href":"https:\/\/vinoljubac.hr\/hr\/wp-json\/wp\/v2\/product"}],"about":[{"href":"https:\/\/vinoljubac.hr\/hr\/wp-json\/wp\/v2\/types\/product"}],"replies":[{"embeddable":true,"href":"https:\/\/vinoljubac.hr\/hr\/wp-json\/wp\/v2\/comments?post=8746"}],"version-history":[{"count":1,"href":"https:\/\/vinoljubac.hr\/hr\/wp-json\/wp\/v2\/product\/8746\/revisions"}],"predecessor-version":[{"id":11269,"href":"https:\/\/vinoljubac.hr\/hr\/wp-json\/wp\/v2\/product\/8746\/revisions\/11269"}],"wp:attachment":[{"href":"https:\/\/vinoljubac.hr\/hr\/wp-json\/wp\/v2\/media?parent=8746"}],"wp:term":[{"taxonomy":"product_brand","embeddable":true,"href":"https:\/\/vinoljubac.hr\/hr\/wp-json\/wp\/v2\/product_brand?post=8746"},{"taxonomy":"product_cat","embeddable":true,"href":"https:\/\/vinoljubac.hr\/hr\/wp-json\/wp\/v2\/product_cat?post=8746"},{"taxonomy":"product_tag","embeddable":true,"href":"https:\/\/vinoljubac.hr\/hr\/wp-json\/wp\/v2\/product_tag?post=8746"}],"curies":[{"name":"wp","href":"https:\/\/api.w.org\/{rel}","templated":true}]}}