{"id":8752,"date":"2023-06-27T10:59:48","date_gmt":"2023-06-27T08:59:48","guid":{"rendered":"https:\/\/vinoljubac.hr\/?post_type=product&#038;p=8752"},"modified":"2025-04-09T09:28:46","modified_gmt":"2025-04-09T07:28:46","slug":"kalazic-sauvignon-silver-line","status":"publish","type":"product","link":"https:\/\/vinoljubac.hr\/hr\/proizvod\/kalazic-sauvignon-silver-line\/","title":{"rendered":"KALAZI\u0106 SAUVIGNON SILVER LINE"},"content":{"rendered":"","protected":false},"excerpt":{"rendered":"<p>Izra\u017eajan i intenzivan miris cvijeta bazge kojeg odli\u010dno nadopunjuju herbalne note svje\u017ee poko\u0161ene trave i ogrozda odlike su ovog posebnog sauvignona.<\/p>","protected":false},"featured_media":0,"comment_status":"open","ping_status":"closed","template":"","meta":{"om_disable_all_campaigns":false,"_monsterinsights_skip_tracking":false,"_monsterinsights_sitenote_active":false,"_monsterinsights_sitenote_note":"","_monsterinsights_sitenote_category":0},"product_brand":[],"product_cat":[284,44],"product_tag":[],"class_list":{"0":"post-8752","1":"product","2":"type-product","3":"status-publish","5":"product_cat-sauvignon-blanc-white-wines","6":"product_cat-white-wines","7":"pa_alcohol-116","8":"pa_colour-white","9":"pa_country-croatia","10":"pa_region-slavonia-and-croatian-danube","11":"pa_residual-sugar-dry","12":"pa_subregion-croatian-danube","13":"pa_variety-sauvignon-blanc","14":"pa_vineyard-baranja","15":"pa_volume-750-ml","17":"first","18":"instock","19":"taxable","20":"shipping-taxable","21":"product-type-simple"},"_links":{"self":[{"href":"https:\/\/vinoljubac.hr\/hr\/wp-json\/wp\/v2\/product\/8752","targetHints":{"allow":["GET"]}}],"collection":[{"href":"https:\/\/vinoljubac.hr\/hr\/wp-json\/wp\/v2\/product"}],"about":[{"href":"https:\/\/vinoljubac.hr\/hr\/wp-json\/wp\/v2\/types\/product"}],"replies":[{"embeddable":true,"href":"https:\/\/vinoljubac.hr\/hr\/wp-json\/wp\/v2\/comments?post=8752"}],"version-history":[{"count":1,"href":"https:\/\/vinoljubac.hr\/hr\/wp-json\/wp\/v2\/product\/8752\/revisions"}],"predecessor-version":[{"id":11271,"href":"https:\/\/vinoljubac.hr\/hr\/wp-json\/wp\/v2\/product\/8752\/revisions\/11271"}],"wp:attachment":[{"href":"https:\/\/vinoljubac.hr\/hr\/wp-json\/wp\/v2\/media?parent=8752"}],"wp:term":[{"taxonomy":"product_brand","embeddable":true,"href":"https:\/\/vinoljubac.hr\/hr\/wp-json\/wp\/v2\/product_brand?post=8752"},{"taxonomy":"product_cat","embeddable":true,"href":"https:\/\/vinoljubac.hr\/hr\/wp-json\/wp\/v2\/product_cat?post=8752"},{"taxonomy":"product_tag","embeddable":true,"href":"https:\/\/vinoljubac.hr\/hr\/wp-json\/wp\/v2\/product_tag?post=8752"}],"curies":[{"name":"wp","href":"https:\/\/api.w.org\/{rel}","templated":true}]}}