{"id":8762,"date":"2023-06-27T12:35:54","date_gmt":"2023-06-27T10:35:54","guid":{"rendered":"https:\/\/vinoljubac.hr\/?post_type=product&#038;p=8762"},"modified":"2025-04-07T11:13:45","modified_gmt":"2025-04-07T09:13:45","slug":"royal-hill-blanc-de-noir","status":"publish","type":"product","link":"https:\/\/vinoljubac.hr\/hr\/proizvod\/royal-hill-blanc-de-noir\/","title":{"rendered":"ROYAL HILL BLANC DE NOIR"},"content":{"rendered":"","protected":false},"excerpt":{"rendered":"<p>Zavodljivo vino s obala veli\u010danstvenog Dunava. Gro\u017e\u0111e Pinota crnog odabrano iz najboljih vinograda te s najve\u0107om pa\u017enjom pretvoreno u svje\u017ee bijelo vino. Na nosu prevladavaju arome \u017eutog vo\u0107a te note svje\u017ee maline i bijelog cvije\u0107a. Na okus je svje\u017ee i zaokru\u017eeno.<\/p>","protected":false},"featured_media":0,"comment_status":"open","ping_status":"closed","template":"","meta":{"om_disable_all_campaigns":false,"_monsterinsights_skip_tracking":false,"_monsterinsights_sitenote_active":false,"_monsterinsights_sitenote_note":"","_monsterinsights_sitenote_category":0},"product_brand":[],"product_cat":[688,44],"product_tag":[],"class_list":{"0":"post-8762","1":"product","2":"type-product","3":"status-publish","5":"product_cat-pinot-noir-white-wines","6":"product_cat-white-wines","7":"pa_alcohol-138","8":"pa_colour-white","9":"pa_country-croatia","10":"pa_region-slavonia-and-croatian-danube","11":"pa_residual-sugar-dry","12":"pa_subregion-croatian-danube","13":"pa_variety-chardonnay","14":"pa_variety-pinot-noir","15":"pa_vineyard-erdut","16":"pa_volume-750-ml","18":"first","19":"instock","20":"taxable","21":"shipping-taxable","22":"product-type-simple"},"_links":{"self":[{"href":"https:\/\/vinoljubac.hr\/hr\/wp-json\/wp\/v2\/product\/8762","targetHints":{"allow":["GET"]}}],"collection":[{"href":"https:\/\/vinoljubac.hr\/hr\/wp-json\/wp\/v2\/product"}],"about":[{"href":"https:\/\/vinoljubac.hr\/hr\/wp-json\/wp\/v2\/types\/product"}],"replies":[{"embeddable":true,"href":"https:\/\/vinoljubac.hr\/hr\/wp-json\/wp\/v2\/comments?post=8762"}],"version-history":[{"count":1,"href":"https:\/\/vinoljubac.hr\/hr\/wp-json\/wp\/v2\/product\/8762\/revisions"}],"predecessor-version":[{"id":11197,"href":"https:\/\/vinoljubac.hr\/hr\/wp-json\/wp\/v2\/product\/8762\/revisions\/11197"}],"wp:attachment":[{"href":"https:\/\/vinoljubac.hr\/hr\/wp-json\/wp\/v2\/media?parent=8762"}],"wp:term":[{"taxonomy":"product_brand","embeddable":true,"href":"https:\/\/vinoljubac.hr\/hr\/wp-json\/wp\/v2\/product_brand?post=8762"},{"taxonomy":"product_cat","embeddable":true,"href":"https:\/\/vinoljubac.hr\/hr\/wp-json\/wp\/v2\/product_cat?post=8762"},{"taxonomy":"product_tag","embeddable":true,"href":"https:\/\/vinoljubac.hr\/hr\/wp-json\/wp\/v2\/product_tag?post=8762"}],"curies":[{"name":"wp","href":"https:\/\/api.w.org\/{rel}","templated":true}]}}