{"id":8799,"date":"2023-06-29T13:05:56","date_gmt":"2023-06-29T11:05:56","guid":{"rendered":"https:\/\/vinoljubac.hr\/?post_type=product&#038;p=8799"},"modified":"2026-01-31T06:10:54","modified_gmt":"2026-01-31T05:10:54","slug":"nuic-merlot-2","status":"publish","type":"product","link":"https:\/\/vinoljubac.hr\/hr\/proizvod\/nuic-merlot-2\/","title":{"rendered":"NUI\u0106 MERLOT"},"content":{"rendered":"","protected":false},"excerpt":{"rendered":"<p>Crvena boja rubina, vo\u0107ni miris, aroma ljubi\u010dice, elegantan i bogat okus s aromati\u010dnim srednjim zavr\u0161etkom karakteristike su ovog vina. Preporu\u010duje se konzumirati ga s crvenim mesom i povr\u0107em na temperaturi od 18 \u00b0C.<\/p>","protected":false},"featured_media":0,"comment_status":"open","ping_status":"closed","template":"","meta":{"om_disable_all_campaigns":false,"_monsterinsights_skip_tracking":false,"_monsterinsights_sitenote_active":false,"_monsterinsights_sitenote_note":"","_monsterinsights_sitenote_category":0},"product_brand":[],"product_cat":[46,43],"product_tag":[],"class_list":{"0":"post-8799","1":"product","2":"type-product","3":"status-publish","5":"product_cat-merlot","6":"product_cat-red-wines","7":"pa_alcohol-483","8":"pa_colour-red","9":"pa_country-bosnia-and-herzegovina","10":"pa_region-herzegovina","11":"pa_residual-sugar-dry","12":"pa_subregion-central-neretva","13":"pa_variety-merlot","14":"pa_vineyard-mostar","15":"pa_volume-750-ml","17":"first","18":"instock","19":"taxable","20":"shipping-taxable","21":"product-type-simple"},"_links":{"self":[{"href":"https:\/\/vinoljubac.hr\/hr\/wp-json\/wp\/v2\/product\/8799","targetHints":{"allow":["GET"]}}],"collection":[{"href":"https:\/\/vinoljubac.hr\/hr\/wp-json\/wp\/v2\/product"}],"about":[{"href":"https:\/\/vinoljubac.hr\/hr\/wp-json\/wp\/v2\/types\/product"}],"replies":[{"embeddable":true,"href":"https:\/\/vinoljubac.hr\/hr\/wp-json\/wp\/v2\/comments?post=8799"}],"version-history":[{"count":1,"href":"https:\/\/vinoljubac.hr\/hr\/wp-json\/wp\/v2\/product\/8799\/revisions"}],"predecessor-version":[{"id":11141,"href":"https:\/\/vinoljubac.hr\/hr\/wp-json\/wp\/v2\/product\/8799\/revisions\/11141"}],"wp:attachment":[{"href":"https:\/\/vinoljubac.hr\/hr\/wp-json\/wp\/v2\/media?parent=8799"}],"wp:term":[{"taxonomy":"product_brand","embeddable":true,"href":"https:\/\/vinoljubac.hr\/hr\/wp-json\/wp\/v2\/product_brand?post=8799"},{"taxonomy":"product_cat","embeddable":true,"href":"https:\/\/vinoljubac.hr\/hr\/wp-json\/wp\/v2\/product_cat?post=8799"},{"taxonomy":"product_tag","embeddable":true,"href":"https:\/\/vinoljubac.hr\/hr\/wp-json\/wp\/v2\/product_tag?post=8799"}],"curies":[{"name":"wp","href":"https:\/\/api.w.org\/{rel}","templated":true}]}}