{"id":8803,"date":"2023-06-29T13:52:05","date_gmt":"2023-06-29T11:52:05","guid":{"rendered":"https:\/\/vinoljubac.hr\/?post_type=product&#038;p=8803"},"modified":"2025-04-04T07:55:38","modified_gmt":"2025-04-04T05:55:38","slug":"nuic-blatina","status":"publish","type":"product","link":"https:\/\/vinoljubac.hr\/hr\/proizvod\/nuic-blatina\/","title":{"rendered":"NUI\u0106 BLATINA"},"content":{"rendered":"","protected":false},"excerpt":{"rendered":"<p>Blatina svijetlocrvene boje, srednje jakog tijela te ugodnih i mekih tanina. Krase je arome bobi\u010dastog vo\u0107a i \u0161ljive. Odli\u010dno se sla\u017ee uz jela od crvenog mesa, povr\u0107e sa \u017eara i sireve. Preporu\u010duje se poslu\u017eiti je na temperaturi od 18 \u00b0C.<\/p>","protected":false},"featured_media":0,"comment_status":"open","ping_status":"closed","template":"","meta":{"om_disable_all_campaigns":false,"_monsterinsights_skip_tracking":false,"_monsterinsights_sitenote_active":false,"_monsterinsights_sitenote_note":"","_monsterinsights_sitenote_category":0},"product_brand":[],"product_cat":[161,43],"product_tag":[],"class_list":{"0":"post-8803","1":"product","2":"type-product","3":"status-publish","5":"product_cat-blatina","6":"product_cat-red-wines","7":"pa_alcohol-138","8":"pa_colour-red","9":"pa_country-bosnia-and-herzegovina","10":"pa_region-herzegovina","11":"pa_residual-sugar-dry","12":"pa_subregion-central-neretva","13":"pa_variety-blatina","14":"pa_vineyard-mostar","15":"pa_volume-750-ml","17":"first","18":"instock","19":"taxable","20":"shipping-taxable","21":"product-type-simple"},"_links":{"self":[{"href":"https:\/\/vinoljubac.hr\/hr\/wp-json\/wp\/v2\/product\/8803","targetHints":{"allow":["GET"]}}],"collection":[{"href":"https:\/\/vinoljubac.hr\/hr\/wp-json\/wp\/v2\/product"}],"about":[{"href":"https:\/\/vinoljubac.hr\/hr\/wp-json\/wp\/v2\/types\/product"}],"replies":[{"embeddable":true,"href":"https:\/\/vinoljubac.hr\/hr\/wp-json\/wp\/v2\/comments?post=8803"}],"version-history":[{"count":2,"href":"https:\/\/vinoljubac.hr\/hr\/wp-json\/wp\/v2\/product\/8803\/revisions"}],"predecessor-version":[{"id":11137,"href":"https:\/\/vinoljubac.hr\/hr\/wp-json\/wp\/v2\/product\/8803\/revisions\/11137"}],"wp:attachment":[{"href":"https:\/\/vinoljubac.hr\/hr\/wp-json\/wp\/v2\/media?parent=8803"}],"wp:term":[{"taxonomy":"product_brand","embeddable":true,"href":"https:\/\/vinoljubac.hr\/hr\/wp-json\/wp\/v2\/product_brand?post=8803"},{"taxonomy":"product_cat","embeddable":true,"href":"https:\/\/vinoljubac.hr\/hr\/wp-json\/wp\/v2\/product_cat?post=8803"},{"taxonomy":"product_tag","embeddable":true,"href":"https:\/\/vinoljubac.hr\/hr\/wp-json\/wp\/v2\/product_tag?post=8803"}],"curies":[{"name":"wp","href":"https:\/\/api.w.org\/{rel}","templated":true}]}}