{"id":8807,"date":"2023-06-29T14:11:40","date_gmt":"2023-06-29T12:11:40","guid":{"rendered":"https:\/\/vinoljubac.hr\/?post_type=product&#038;p=8807"},"modified":"2026-01-19T12:34:45","modified_gmt":"2026-01-19T11:34:45","slug":"nuic-posip","status":"publish","type":"product","link":"https:\/\/vinoljubac.hr\/hr\/proizvod\/nuic-posip\/","title":{"rendered":"NUI\u0106 PO\u0160IP"},"content":{"rendered":"","protected":false},"excerpt":{"rendered":"<p>Svje\u017ee, elegantno i mineralno vino svijetlo\u017eute boje sa zelenim nijansama i aromama dinje, marelice i citrusa. Mo\u017ee se poslu\u017eiti kao aperitiv ili uz sve vrste ribe, bijelo meso i sireve na temperaturi od 10 do 12 \u00b0C.<\/p>","protected":false},"featured_media":0,"comment_status":"open","ping_status":"closed","template":"","meta":{"om_disable_all_campaigns":false,"_monsterinsights_skip_tracking":false,"_monsterinsights_sitenote_active":false,"_monsterinsights_sitenote_note":"","_monsterinsights_sitenote_category":0},"product_brand":[],"product_cat":[177,44],"product_tag":[],"class_list":{"0":"post-8807","1":"product","2":"type-product","3":"status-publish","5":"product_cat-posip","6":"product_cat-white-wines","7":"pa_alcohol-14-2","8":"pa_colour-white","9":"pa_country-bosnia-and-herzegovina","10":"pa_region-herzegovina","11":"pa_residual-sugar-dry","12":"pa_subregion-central-neretva","13":"pa_variety-posip","14":"pa_vineyard-mostar","15":"pa_volume-750-ml","17":"first","18":"instock","19":"taxable","20":"shipping-taxable","21":"product-type-simple"},"_links":{"self":[{"href":"https:\/\/vinoljubac.hr\/hr\/wp-json\/wp\/v2\/product\/8807","targetHints":{"allow":["GET"]}}],"collection":[{"href":"https:\/\/vinoljubac.hr\/hr\/wp-json\/wp\/v2\/product"}],"about":[{"href":"https:\/\/vinoljubac.hr\/hr\/wp-json\/wp\/v2\/types\/product"}],"replies":[{"embeddable":true,"href":"https:\/\/vinoljubac.hr\/hr\/wp-json\/wp\/v2\/comments?post=8807"}],"version-history":[{"count":0,"href":"https:\/\/vinoljubac.hr\/hr\/wp-json\/wp\/v2\/product\/8807\/revisions"}],"wp:attachment":[{"href":"https:\/\/vinoljubac.hr\/hr\/wp-json\/wp\/v2\/media?parent=8807"}],"wp:term":[{"taxonomy":"product_brand","embeddable":true,"href":"https:\/\/vinoljubac.hr\/hr\/wp-json\/wp\/v2\/product_brand?post=8807"},{"taxonomy":"product_cat","embeddable":true,"href":"https:\/\/vinoljubac.hr\/hr\/wp-json\/wp\/v2\/product_cat?post=8807"},{"taxonomy":"product_tag","embeddable":true,"href":"https:\/\/vinoljubac.hr\/hr\/wp-json\/wp\/v2\/product_tag?post=8807"}],"curies":[{"name":"wp","href":"https:\/\/api.w.org\/{rel}","templated":true}]}}