{"id":8810,"date":"2023-06-29T14:20:19","date_gmt":"2023-06-29T12:20:19","guid":{"rendered":"https:\/\/vinoljubac.hr\/?post_type=product&#038;p=8810"},"modified":"2026-02-06T08:14:23","modified_gmt":"2026-02-06T07:14:23","slug":"nuic-chardonnay","status":"publish","type":"product","link":"https:\/\/vinoljubac.hr\/hr\/proizvod\/nuic-chardonnay\/","title":{"rendered":"NUI\u0106 CHARDONNAY"},"content":{"rendered":"","protected":false},"excerpt":{"rendered":"<p>Toplo, mineralno, harmoni\u010dno, puno, trajno i kremasto vino svijetlo\u017eute boje. Od aroma se isti\u010du vanilija, med i orasi. Najbolje ga je poslu\u017eiti uz zrele sireve, ribu sa \u017eara i bijelo meso na temperaturi od 12 do 14 \u00b0C.<\/p>","protected":false},"featured_media":0,"comment_status":"open","ping_status":"closed","template":"","meta":{"om_disable_all_campaigns":false,"_monsterinsights_skip_tracking":false,"_monsterinsights_sitenote_active":false,"_monsterinsights_sitenote_note":"","_monsterinsights_sitenote_category":0},"product_brand":[],"product_cat":[52,44],"product_tag":[],"class_list":{"0":"post-8810","1":"product","2":"type-product","3":"status-publish","5":"product_cat-chardonnay","6":"product_cat-white-wines","7":"pa_alcohol-136","8":"pa_colour-white","9":"pa_country-bosnia-and-herzegovina","10":"pa_region-herzegovina","11":"pa_residual-sugar-dry","12":"pa_subregion-central-neretva","13":"pa_variety-chardonnay","14":"pa_vineyard-mostar","15":"pa_volume-750-ml","17":"first","18":"instock","19":"taxable","20":"shipping-taxable","21":"product-type-simple"},"_links":{"self":[{"href":"https:\/\/vinoljubac.hr\/hr\/wp-json\/wp\/v2\/product\/8810","targetHints":{"allow":["GET"]}}],"collection":[{"href":"https:\/\/vinoljubac.hr\/hr\/wp-json\/wp\/v2\/product"}],"about":[{"href":"https:\/\/vinoljubac.hr\/hr\/wp-json\/wp\/v2\/types\/product"}],"replies":[{"embeddable":true,"href":"https:\/\/vinoljubac.hr\/hr\/wp-json\/wp\/v2\/comments?post=8810"}],"version-history":[{"count":1,"href":"https:\/\/vinoljubac.hr\/hr\/wp-json\/wp\/v2\/product\/8810\/revisions"}],"predecessor-version":[{"id":11142,"href":"https:\/\/vinoljubac.hr\/hr\/wp-json\/wp\/v2\/product\/8810\/revisions\/11142"}],"wp:attachment":[{"href":"https:\/\/vinoljubac.hr\/hr\/wp-json\/wp\/v2\/media?parent=8810"}],"wp:term":[{"taxonomy":"product_brand","embeddable":true,"href":"https:\/\/vinoljubac.hr\/hr\/wp-json\/wp\/v2\/product_brand?post=8810"},{"taxonomy":"product_cat","embeddable":true,"href":"https:\/\/vinoljubac.hr\/hr\/wp-json\/wp\/v2\/product_cat?post=8810"},{"taxonomy":"product_tag","embeddable":true,"href":"https:\/\/vinoljubac.hr\/hr\/wp-json\/wp\/v2\/product_tag?post=8810"}],"curies":[{"name":"wp","href":"https:\/\/api.w.org\/{rel}","templated":true}]}}