{"id":8816,"date":"2023-06-29T14:36:52","date_gmt":"2023-06-29T12:36:52","guid":{"rendered":"https:\/\/vinoljubac.hr\/?post_type=product&#038;p=8816"},"modified":"2025-02-27T08:50:16","modified_gmt":"2025-02-27T07:50:16","slug":"nuic-grk","status":"publish","type":"product","link":"https:\/\/vinoljubac.hr\/hr\/proizvod\/nuic-grk\/","title":{"rendered":"NUI\u0106 GRK"},"content":{"rendered":"","protected":false},"excerpt":{"rendered":"<p id=\"tw-target-text\" class=\"tw-data-text tw-text-large tw-ta\" dir=\"ltr\" data-placeholder=\"Prijevod\"><span class=\"Y2IQFc\" lang=\"en\">Svje\u017ee i mineralno vino svijetlo\u017eute boje sa zelenim nijansama te citrusnim i cvjetnim notama. Najbolje ga je poslu\u017eiti uz zrele sireve i jela od bijelog mesa na temperaturi od 10 do 12 \u00b0C.<\/span><\/p>","protected":false},"featured_media":6035,"comment_status":"open","ping_status":"closed","template":"","meta":{"om_disable_all_campaigns":false,"_monsterinsights_skip_tracking":false,"_monsterinsights_sitenote_active":false,"_monsterinsights_sitenote_note":"","_monsterinsights_sitenote_category":0},"product_brand":[],"product_cat":[279,44],"product_tag":[],"class_list":{"0":"post-8816","1":"product","2":"type-product","3":"status-publish","4":"has-post-thumbnail","6":"product_cat-grk","7":"product_cat-white-wines","8":"pa_alcohol-457","9":"pa_colour-white","10":"pa_country-bosnia-and-herzegovina","11":"pa_region-herzegovina","12":"pa_residual-sugar-dry","13":"pa_subregion-central-neretva","14":"pa_variety-grk","15":"pa_vineyard-mostar","16":"pa_volume-750-ml","18":"first","19":"instock","20":"taxable","21":"shipping-taxable","22":"product-type-simple"},"_links":{"self":[{"href":"https:\/\/vinoljubac.hr\/hr\/wp-json\/wp\/v2\/product\/8816","targetHints":{"allow":["GET"]}}],"collection":[{"href":"https:\/\/vinoljubac.hr\/hr\/wp-json\/wp\/v2\/product"}],"about":[{"href":"https:\/\/vinoljubac.hr\/hr\/wp-json\/wp\/v2\/types\/product"}],"replies":[{"embeddable":true,"href":"https:\/\/vinoljubac.hr\/hr\/wp-json\/wp\/v2\/comments?post=8816"}],"version-history":[{"count":1,"href":"https:\/\/vinoljubac.hr\/hr\/wp-json\/wp\/v2\/product\/8816\/revisions"}],"predecessor-version":[{"id":10921,"href":"https:\/\/vinoljubac.hr\/hr\/wp-json\/wp\/v2\/product\/8816\/revisions\/10921"}],"wp:featuredmedia":[{"embeddable":true,"href":"https:\/\/vinoljubac.hr\/hr\/wp-json\/wp\/v2\/media\/6035"}],"wp:attachment":[{"href":"https:\/\/vinoljubac.hr\/hr\/wp-json\/wp\/v2\/media?parent=8816"}],"wp:term":[{"taxonomy":"product_brand","embeddable":true,"href":"https:\/\/vinoljubac.hr\/hr\/wp-json\/wp\/v2\/product_brand?post=8816"},{"taxonomy":"product_cat","embeddable":true,"href":"https:\/\/vinoljubac.hr\/hr\/wp-json\/wp\/v2\/product_cat?post=8816"},{"taxonomy":"product_tag","embeddable":true,"href":"https:\/\/vinoljubac.hr\/hr\/wp-json\/wp\/v2\/product_tag?post=8816"}],"curies":[{"name":"wp","href":"https:\/\/api.w.org\/{rel}","templated":true}]}}