{"id":8819,"date":"2023-06-29T14:46:26","date_gmt":"2023-06-29T12:46:26","guid":{"rendered":"https:\/\/vinoljubac.hr\/?post_type=product&#038;p=8819"},"modified":"2024-01-15T08:56:37","modified_gmt":"2024-01-15T07:56:37","slug":"nuic-rose-lets-go","status":"publish","type":"product","link":"https:\/\/vinoljubac.hr\/hr\/proizvod\/nuic-rose-lets-go\/","title":{"rendered":"NUI\u0106 ROS\u00c9 LET&#8217;S GO"},"content":{"rendered":"","protected":false},"excerpt":{"rendered":"<p>Ros\u00e9 svje\u017eeg, laganog i harmoni\u010dnog okusa sa slatkastim zavr\u0161etkom. Svijetloru\u017ei\u010daste boje s aromama tre\u0161nje i maline te herbalnim notama. Konzumirati kao aperitiv, a odli\u010dno se sla\u017ee i uz jela od povr\u0107a ili vo\u0107ne slastice. Poslu\u017eiti ga na temperaturi od 10 do 12 \u00b0C.<\/p>","protected":false},"featured_media":0,"comment_status":"open","ping_status":"closed","template":"","meta":{"om_disable_all_campaigns":false,"_monsterinsights_skip_tracking":false,"_monsterinsights_sitenote_active":false,"_monsterinsights_sitenote_note":"","_monsterinsights_sitenote_category":0},"product_brand":[],"product_cat":[696,78],"product_tag":[],"class_list":{"0":"post-8819","1":"product","2":"type-product","3":"status-publish","5":"product_cat-blatina-rose-wines","6":"product_cat-rose-wines","7":"pa_alcohol-116","8":"pa_colour-rose","9":"pa_country-bosnia-and-herzegovina","10":"pa_region-herzegovina","11":"pa_residual-sugar-semi-dry","12":"pa_subregion-central-neretva","13":"pa_variety-blatina","14":"pa_vineyard-mostar","15":"pa_volume-750-ml","17":"first","18":"instock","19":"taxable","20":"shipping-taxable","21":"product-type-simple"},"_links":{"self":[{"href":"https:\/\/vinoljubac.hr\/hr\/wp-json\/wp\/v2\/product\/8819","targetHints":{"allow":["GET"]}}],"collection":[{"href":"https:\/\/vinoljubac.hr\/hr\/wp-json\/wp\/v2\/product"}],"about":[{"href":"https:\/\/vinoljubac.hr\/hr\/wp-json\/wp\/v2\/types\/product"}],"replies":[{"embeddable":true,"href":"https:\/\/vinoljubac.hr\/hr\/wp-json\/wp\/v2\/comments?post=8819"}],"version-history":[{"count":0,"href":"https:\/\/vinoljubac.hr\/hr\/wp-json\/wp\/v2\/product\/8819\/revisions"}],"wp:attachment":[{"href":"https:\/\/vinoljubac.hr\/hr\/wp-json\/wp\/v2\/media?parent=8819"}],"wp:term":[{"taxonomy":"product_brand","embeddable":true,"href":"https:\/\/vinoljubac.hr\/hr\/wp-json\/wp\/v2\/product_brand?post=8819"},{"taxonomy":"product_cat","embeddable":true,"href":"https:\/\/vinoljubac.hr\/hr\/wp-json\/wp\/v2\/product_cat?post=8819"},{"taxonomy":"product_tag","embeddable":true,"href":"https:\/\/vinoljubac.hr\/hr\/wp-json\/wp\/v2\/product_tag?post=8819"}],"curies":[{"name":"wp","href":"https:\/\/api.w.org\/{rel}","templated":true}]}}