{"id":8835,"date":"2023-07-01T07:40:56","date_gmt":"2023-07-01T05:40:56","guid":{"rendered":"https:\/\/vinoljubac.hr\/?post_type=product&#038;p=8835"},"modified":"2025-04-01T08:34:03","modified_gmt":"2025-04-01T06:34:03","slug":"bolfan-rose","status":"publish","type":"product","link":"https:\/\/vinoljubac.hr\/hr\/proizvod\/bolfan-rose\/","title":{"rendered":"BOLFAN ROS\u00c9"},"content":{"rendered":"","protected":false},"excerpt":{"rendered":"<p>Lepr\u0161avo i zavodljivo EKO vino s notama maline, ribiza i tre\u0161nje na nosu. Okusom mineralno i svje\u017ee.<\/p>","protected":false},"featured_media":0,"comment_status":"open","ping_status":"closed","template":"","meta":{"om_disable_all_campaigns":false,"_monsterinsights_skip_tracking":false,"_monsterinsights_sitenote_active":false,"_monsterinsights_sitenote_note":"","_monsterinsights_sitenote_category":0},"product_brand":[],"product_cat":[78],"product_tag":[],"class_list":{"0":"post-8835","1":"product","2":"type-product","3":"status-publish","5":"product_cat-rose-wines","6":"pa_alcohol-116","7":"pa_colour-rose","8":"pa_country-croatia","9":"pa_region-croatian-uplands","10":"pa_residual-sugar-dry","11":"pa_subregion-zagorje-medimurje","12":"pa_vineyard-zlatar","13":"pa_volume-750-ml","15":"first","16":"instock","17":"taxable","18":"shipping-taxable","19":"product-type-simple"},"_links":{"self":[{"href":"https:\/\/vinoljubac.hr\/hr\/wp-json\/wp\/v2\/product\/8835","targetHints":{"allow":["GET"]}}],"collection":[{"href":"https:\/\/vinoljubac.hr\/hr\/wp-json\/wp\/v2\/product"}],"about":[{"href":"https:\/\/vinoljubac.hr\/hr\/wp-json\/wp\/v2\/types\/product"}],"replies":[{"embeddable":true,"href":"https:\/\/vinoljubac.hr\/hr\/wp-json\/wp\/v2\/comments?post=8835"}],"version-history":[{"count":1,"href":"https:\/\/vinoljubac.hr\/hr\/wp-json\/wp\/v2\/product\/8835\/revisions"}],"predecessor-version":[{"id":10986,"href":"https:\/\/vinoljubac.hr\/hr\/wp-json\/wp\/v2\/product\/8835\/revisions\/10986"}],"wp:attachment":[{"href":"https:\/\/vinoljubac.hr\/hr\/wp-json\/wp\/v2\/media?parent=8835"}],"wp:term":[{"taxonomy":"product_brand","embeddable":true,"href":"https:\/\/vinoljubac.hr\/hr\/wp-json\/wp\/v2\/product_brand?post=8835"},{"taxonomy":"product_cat","embeddable":true,"href":"https:\/\/vinoljubac.hr\/hr\/wp-json\/wp\/v2\/product_cat?post=8835"},{"taxonomy":"product_tag","embeddable":true,"href":"https:\/\/vinoljubac.hr\/hr\/wp-json\/wp\/v2\/product_tag?post=8835"}],"curies":[{"name":"wp","href":"https:\/\/api.w.org\/{rel}","templated":true}]}}