{"id":8838,"date":"2023-07-01T07:48:22","date_gmt":"2023-07-01T05:48:22","guid":{"rendered":"https:\/\/vinoljubac.hr\/?post_type=product&#038;p=8838"},"modified":"2023-11-16T13:26:29","modified_gmt":"2023-11-16T12:26:29","slug":"bolfan-pinot-sivi-orange-primus","status":"publish","type":"product","link":"https:\/\/vinoljubac.hr\/hr\/proizvod\/bolfan-pinot-sivi-orange-primus\/","title":{"rendered":"BOLFAN PINOT SIVI ORANGE PRIMUS"},"content":{"rendered":"","protected":false},"excerpt":{"rendered":"<p>Kvalitetno EKO naran\u010dasto vino; <em>sur lie<\/em> fermentacija i odle\u017eavanje u velikom drvu, prirodni kvasci. Puno je i elegantno s aromama ora\u0161astog vo\u0107a i prezrele kru\u0161ke.<\/p>","protected":false},"featured_media":0,"comment_status":"open","ping_status":"closed","template":"","meta":{"om_disable_all_campaigns":false,"_monsterinsights_skip_tracking":false,"_monsterinsights_sitenote_active":false,"_monsterinsights_sitenote_note":"","_monsterinsights_sitenote_category":0},"product_brand":[],"product_cat":[305,309],"product_tag":[],"class_list":{"0":"post-8838","1":"product","2":"type-product","3":"status-publish","5":"product_cat-orange-wines","6":"product_cat-pinot-grigio","7":"pa_alcohol-457","8":"pa_colour-orange","9":"pa_country-croatia","10":"pa_region-croatian-uplands","11":"pa_residual-sugar-dry","12":"pa_subregion-zagorje-medimurje","13":"pa_variety-pinot-gray","14":"pa_vineyard-zlatar","15":"pa_volume-750-ml","17":"first","18":"instock","19":"taxable","20":"shipping-taxable","21":"product-type-simple"},"_links":{"self":[{"href":"https:\/\/vinoljubac.hr\/hr\/wp-json\/wp\/v2\/product\/8838","targetHints":{"allow":["GET"]}}],"collection":[{"href":"https:\/\/vinoljubac.hr\/hr\/wp-json\/wp\/v2\/product"}],"about":[{"href":"https:\/\/vinoljubac.hr\/hr\/wp-json\/wp\/v2\/types\/product"}],"replies":[{"embeddable":true,"href":"https:\/\/vinoljubac.hr\/hr\/wp-json\/wp\/v2\/comments?post=8838"}],"version-history":[{"count":0,"href":"https:\/\/vinoljubac.hr\/hr\/wp-json\/wp\/v2\/product\/8838\/revisions"}],"wp:attachment":[{"href":"https:\/\/vinoljubac.hr\/hr\/wp-json\/wp\/v2\/media?parent=8838"}],"wp:term":[{"taxonomy":"product_brand","embeddable":true,"href":"https:\/\/vinoljubac.hr\/hr\/wp-json\/wp\/v2\/product_brand?post=8838"},{"taxonomy":"product_cat","embeddable":true,"href":"https:\/\/vinoljubac.hr\/hr\/wp-json\/wp\/v2\/product_cat?post=8838"},{"taxonomy":"product_tag","embeddable":true,"href":"https:\/\/vinoljubac.hr\/hr\/wp-json\/wp\/v2\/product_tag?post=8838"}],"curies":[{"name":"wp","href":"https:\/\/api.w.org\/{rel}","templated":true}]}}