{"id":8841,"date":"2023-07-01T07:56:11","date_gmt":"2023-07-01T05:56:11","guid":{"rendered":"https:\/\/vinoljubac.hr\/?post_type=product&#038;p=8841"},"modified":"2025-04-01T08:27:54","modified_gmt":"2025-04-01T06:27:54","slug":"bolfan-centurion-silver","status":"publish","type":"product","link":"https:\/\/vinoljubac.hr\/hr\/proizvod\/bolfan-centurion-silver\/","title":{"rendered":"BOLFAN CENTURION SILVER"},"content":{"rendered":"","protected":false},"excerpt":{"rendered":"<p>Pjenu\u0161avo vino dobiveno od pomno biranih sorti s najboljih polo\u017eaja vinograda, proizvedeno tradicionalnom metodom vrenja u boci. U mirisi dominiraju cvjetni tonovi bagrema s notom prepe\u010denih lje\u0161njaka. U okusu mlado, razigrano i svje\u017ee vino kojeg ostatak sladora \u010dini skladnim i u\u017eitnim.<\/p>","protected":false},"featured_media":0,"comment_status":"open","ping_status":"closed","template":"","meta":{"om_disable_all_campaigns":false,"_monsterinsights_skip_tracking":false,"_monsterinsights_sitenote_active":false,"_monsterinsights_sitenote_note":"","_monsterinsights_sitenote_category":0},"product_brand":[],"product_cat":[79],"product_tag":[],"class_list":{"0":"post-8841","1":"product","2":"type-product","3":"status-publish","5":"product_cat-sparkling-wines","6":"pa_alcohol-116","7":"pa_colour-white","8":"pa_country-croatia","9":"pa_region-croatian-uplands","10":"pa_residual-sugar-dry-sec","11":"pa_subregion-zagorje-medimurje","12":"pa_vineyard-zlatar","13":"pa_volume-750-ml","15":"first","16":"instock","17":"taxable","18":"shipping-taxable","19":"product-type-simple"},"_links":{"self":[{"href":"https:\/\/vinoljubac.hr\/hr\/wp-json\/wp\/v2\/product\/8841","targetHints":{"allow":["GET"]}}],"collection":[{"href":"https:\/\/vinoljubac.hr\/hr\/wp-json\/wp\/v2\/product"}],"about":[{"href":"https:\/\/vinoljubac.hr\/hr\/wp-json\/wp\/v2\/types\/product"}],"replies":[{"embeddable":true,"href":"https:\/\/vinoljubac.hr\/hr\/wp-json\/wp\/v2\/comments?post=8841"}],"version-history":[{"count":1,"href":"https:\/\/vinoljubac.hr\/hr\/wp-json\/wp\/v2\/product\/8841\/revisions"}],"predecessor-version":[{"id":10983,"href":"https:\/\/vinoljubac.hr\/hr\/wp-json\/wp\/v2\/product\/8841\/revisions\/10983"}],"wp:attachment":[{"href":"https:\/\/vinoljubac.hr\/hr\/wp-json\/wp\/v2\/media?parent=8841"}],"wp:term":[{"taxonomy":"product_brand","embeddable":true,"href":"https:\/\/vinoljubac.hr\/hr\/wp-json\/wp\/v2\/product_brand?post=8841"},{"taxonomy":"product_cat","embeddable":true,"href":"https:\/\/vinoljubac.hr\/hr\/wp-json\/wp\/v2\/product_cat?post=8841"},{"taxonomy":"product_tag","embeddable":true,"href":"https:\/\/vinoljubac.hr\/hr\/wp-json\/wp\/v2\/product_tag?post=8841"}],"curies":[{"name":"wp","href":"https:\/\/api.w.org\/{rel}","templated":true}]}}