{"id":8849,"date":"2023-07-01T09:20:22","date_gmt":"2023-07-01T07:20:22","guid":{"rendered":"https:\/\/vinoljubac.hr\/?post_type=product&#038;p=8849"},"modified":"2024-02-12T11:48:08","modified_gmt":"2024-02-12T10:48:08","slug":"iuris-merlot","status":"publish","type":"product","link":"https:\/\/vinoljubac.hr\/hr\/proizvod\/iuris-merlot\/","title":{"rendered":"IURIS MERLOT"},"content":{"rendered":"","protected":false},"excerpt":{"rendered":"<p>Prekrasna rubin crvena boja, konzistentna u tonu i odsjaju. Mekani, zreli, vo\u0107ni mirisi, kupine, maline i \u0161ljive. Na nosu se osje\u0107a i utjecaj hrasta, a dominira zrela vo\u0107nost. Svje\u017ee i aromati\u010dno vino, vrlo ugla\u0111ena struktura, puno tijelo i glatka tekstura. Tanini su vrlo nje\u017eni, kiseline i suho\u0107a tvore so\u010dno i impresivno glatko crno vino Podunavlja. Ku\u0161ajte ga uz janjetinu, gove\u0111e odreske ili tunu s ro\u0161tilja.<\/p>","protected":false},"featured_media":0,"comment_status":"open","ping_status":"closed","template":"","meta":{"om_disable_all_campaigns":false,"_monsterinsights_skip_tracking":false,"_monsterinsights_sitenote_active":false,"_monsterinsights_sitenote_note":"","_monsterinsights_sitenote_category":0},"product_brand":[],"product_cat":[46,43],"product_tag":[],"class_list":{"0":"post-8849","1":"product","2":"type-product","3":"status-publish","5":"product_cat-merlot","6":"product_cat-red-wines","7":"pa_alcohol-461","8":"pa_colour-red","9":"pa_country-croatia","10":"pa_region-slavonia-and-croatian-danube","11":"pa_residual-sugar-dry","12":"pa_subregion-croatian-danube","13":"pa_variety-merlot","14":"pa_vineyard-erdut","15":"pa_volume-750-ml","17":"first","18":"instock","19":"taxable","20":"shipping-taxable","21":"product-type-simple"},"_links":{"self":[{"href":"https:\/\/vinoljubac.hr\/hr\/wp-json\/wp\/v2\/product\/8849","targetHints":{"allow":["GET"]}}],"collection":[{"href":"https:\/\/vinoljubac.hr\/hr\/wp-json\/wp\/v2\/product"}],"about":[{"href":"https:\/\/vinoljubac.hr\/hr\/wp-json\/wp\/v2\/types\/product"}],"replies":[{"embeddable":true,"href":"https:\/\/vinoljubac.hr\/hr\/wp-json\/wp\/v2\/comments?post=8849"}],"version-history":[{"count":0,"href":"https:\/\/vinoljubac.hr\/hr\/wp-json\/wp\/v2\/product\/8849\/revisions"}],"wp:attachment":[{"href":"https:\/\/vinoljubac.hr\/hr\/wp-json\/wp\/v2\/media?parent=8849"}],"wp:term":[{"taxonomy":"product_brand","embeddable":true,"href":"https:\/\/vinoljubac.hr\/hr\/wp-json\/wp\/v2\/product_brand?post=8849"},{"taxonomy":"product_cat","embeddable":true,"href":"https:\/\/vinoljubac.hr\/hr\/wp-json\/wp\/v2\/product_cat?post=8849"},{"taxonomy":"product_tag","embeddable":true,"href":"https:\/\/vinoljubac.hr\/hr\/wp-json\/wp\/v2\/product_tag?post=8849"}],"curies":[{"name":"wp","href":"https:\/\/api.w.org\/{rel}","templated":true}]}}