{"id":8852,"date":"2023-07-01T09:36:57","date_gmt":"2023-07-01T07:36:57","guid":{"rendered":"https:\/\/vinoljubac.hr\/?post_type=product&#038;p=8852"},"modified":"2024-02-12T11:47:39","modified_gmt":"2024-02-12T10:47:39","slug":"iuris-sweet-cabernet","status":"publish","type":"product","link":"https:\/\/vinoljubac.hr\/hr\/proizvod\/iuris-sweet-cabernet\/","title":{"rendered":"IURIS SWEET CABERNET"},"content":{"rendered":"","protected":false},"excerpt":{"rendered":"<p>Poluslatko crno vino izrazite granatne boje s tonovima diskretne mente. Arome crvenog vo\u0107a i za\u010dinskih nota pomije\u0161ane okusom kupina na nepcu pokazuju koliko je ovo vino zanimljivo i harmoni\u010dno. Preporu\u010duje se uz <em>mousse<\/em> od \u010dokolade. Najbolje poslu\u017eiti na temperaturi od 16 do 18 \u00b0C.<\/p>\n<p>&nbsp;<\/p>","protected":false},"featured_media":0,"comment_status":"open","ping_status":"closed","template":"","meta":{"om_disable_all_campaigns":false,"_monsterinsights_skip_tracking":false,"_monsterinsights_sitenote_active":false,"_monsterinsights_sitenote_note":"","_monsterinsights_sitenote_category":0},"product_brand":[],"product_cat":[452,451],"product_tag":[],"class_list":{"0":"post-8852","1":"product","2":"type-product","3":"status-publish","5":"product_cat-cabernet-sauvignon-dessert-wines","6":"product_cat-dessert-wines","7":"pa_alcohol-138","8":"pa_colour-red","9":"pa_country-croatia","10":"pa_region-slavonia-and-croatian-danube","11":"pa_residual-sugar-semi-sweet","12":"pa_subregion-croatian-danube","13":"pa_variety-cabernet-sauvignon","14":"pa_vineyard-erdut","15":"pa_volume-750-ml","17":"first","18":"instock","19":"taxable","20":"shipping-taxable","21":"product-type-simple"},"_links":{"self":[{"href":"https:\/\/vinoljubac.hr\/hr\/wp-json\/wp\/v2\/product\/8852","targetHints":{"allow":["GET"]}}],"collection":[{"href":"https:\/\/vinoljubac.hr\/hr\/wp-json\/wp\/v2\/product"}],"about":[{"href":"https:\/\/vinoljubac.hr\/hr\/wp-json\/wp\/v2\/types\/product"}],"replies":[{"embeddable":true,"href":"https:\/\/vinoljubac.hr\/hr\/wp-json\/wp\/v2\/comments?post=8852"}],"version-history":[{"count":0,"href":"https:\/\/vinoljubac.hr\/hr\/wp-json\/wp\/v2\/product\/8852\/revisions"}],"wp:attachment":[{"href":"https:\/\/vinoljubac.hr\/hr\/wp-json\/wp\/v2\/media?parent=8852"}],"wp:term":[{"taxonomy":"product_brand","embeddable":true,"href":"https:\/\/vinoljubac.hr\/hr\/wp-json\/wp\/v2\/product_brand?post=8852"},{"taxonomy":"product_cat","embeddable":true,"href":"https:\/\/vinoljubac.hr\/hr\/wp-json\/wp\/v2\/product_cat?post=8852"},{"taxonomy":"product_tag","embeddable":true,"href":"https:\/\/vinoljubac.hr\/hr\/wp-json\/wp\/v2\/product_tag?post=8852"}],"curies":[{"name":"wp","href":"https:\/\/api.w.org\/{rel}","templated":true}]}}