{"id":8855,"date":"2023-07-01T10:02:36","date_gmt":"2023-07-01T08:02:36","guid":{"rendered":"https:\/\/vinoljubac.hr\/?post_type=product&#038;p=8855"},"modified":"2024-02-12T11:46:48","modified_gmt":"2024-02-12T10:46:48","slug":"iuris-cabernet-sauvignon","status":"publish","type":"product","link":"https:\/\/vinoljubac.hr\/hr\/proizvod\/iuris-cabernet-sauvignon\/","title":{"rendered":"IURIS CABERNET SAUVIGNON"},"content":{"rendered":"","protected":false},"excerpt":{"rendered":"<p>Ovo vino izra\u017eava ono najbolje \u0161to sorti Cabernet sauvignon mo\u017ee pru\u017eiti hrvatsko tlo. Modernog je izra\u017eaja, vo\u0107nih aroma kupine i divlje tre\u0161nje te mekanih i zrelih tanina. Neodoljivo oboga\u0107uje sva mesna jela i sireve.<\/p>","protected":false},"featured_media":0,"comment_status":"open","ping_status":"closed","template":"","meta":{"om_disable_all_campaigns":false,"_monsterinsights_skip_tracking":false,"_monsterinsights_sitenote_active":false,"_monsterinsights_sitenote_note":"","_monsterinsights_sitenote_category":0},"product_brand":[],"product_cat":[49,43],"product_tag":[],"class_list":{"0":"post-8855","1":"product","2":"type-product","3":"status-publish","5":"product_cat-cabernet-sauvignon","6":"product_cat-red-wines","7":"pa_alcohol-461","8":"pa_colour-red","9":"pa_country-croatia","10":"pa_region-slavonia-and-croatian-danube","11":"pa_residual-sugar-dry","12":"pa_subregion-croatian-danube","13":"pa_variety-cabernet-sauvignon","14":"pa_vineyard-erdut","15":"pa_volume-750-ml","17":"first","18":"instock","19":"taxable","20":"shipping-taxable","21":"product-type-simple"},"_links":{"self":[{"href":"https:\/\/vinoljubac.hr\/hr\/wp-json\/wp\/v2\/product\/8855","targetHints":{"allow":["GET"]}}],"collection":[{"href":"https:\/\/vinoljubac.hr\/hr\/wp-json\/wp\/v2\/product"}],"about":[{"href":"https:\/\/vinoljubac.hr\/hr\/wp-json\/wp\/v2\/types\/product"}],"replies":[{"embeddable":true,"href":"https:\/\/vinoljubac.hr\/hr\/wp-json\/wp\/v2\/comments?post=8855"}],"version-history":[{"count":0,"href":"https:\/\/vinoljubac.hr\/hr\/wp-json\/wp\/v2\/product\/8855\/revisions"}],"wp:attachment":[{"href":"https:\/\/vinoljubac.hr\/hr\/wp-json\/wp\/v2\/media?parent=8855"}],"wp:term":[{"taxonomy":"product_brand","embeddable":true,"href":"https:\/\/vinoljubac.hr\/hr\/wp-json\/wp\/v2\/product_brand?post=8855"},{"taxonomy":"product_cat","embeddable":true,"href":"https:\/\/vinoljubac.hr\/hr\/wp-json\/wp\/v2\/product_cat?post=8855"},{"taxonomy":"product_tag","embeddable":true,"href":"https:\/\/vinoljubac.hr\/hr\/wp-json\/wp\/v2\/product_tag?post=8855"}],"curies":[{"name":"wp","href":"https:\/\/api.w.org\/{rel}","templated":true}]}}