{"id":8861,"date":"2023-07-01T10:22:10","date_gmt":"2023-07-01T08:22:10","guid":{"rendered":"https:\/\/vinoljubac.hr\/?post_type=product&#038;p=8861"},"modified":"2025-04-09T08:14:48","modified_gmt":"2025-04-09T06:14:48","slug":"iuris-chardonnay","status":"publish","type":"product","link":"https:\/\/vinoljubac.hr\/hr\/proizvod\/iuris-chardonnay\/","title":{"rendered":"IURIS CHARDONNAY"},"content":{"rendered":"","protected":false},"excerpt":{"rendered":"<p>Blijede slamnato\u017eute boje, srednjeg viskoziteta, \u010disto i bistro. Nos s po\u010detka malo zatvoren, no s vremenom dolaze sortne arome; zrela so\u010dna breskva i kru\u0161ka, a nakon toga i aroma prepe\u010denca uz blagu masla\u010dnost. Naziru se vanilija i kokos, vje\u0161to utkani u intenzivni <em>bouquet<\/em>. Minimalna doza mineralnosti i srednjepuno tijelo, ugodno koncentrirano i kremozno, vrlo skladno, harmoni\u010dno i ne predugog zavr\u0161etka.<\/p>","protected":false},"featured_media":0,"comment_status":"open","ping_status":"closed","template":"","meta":{"om_disable_all_campaigns":false,"_monsterinsights_skip_tracking":false,"_monsterinsights_sitenote_active":false,"_monsterinsights_sitenote_note":"","_monsterinsights_sitenote_category":0},"product_brand":[],"product_cat":[52,44],"product_tag":[],"class_list":{"0":"post-8861","1":"product","2":"type-product","3":"status-publish","5":"product_cat-chardonnay","6":"product_cat-white-wines","7":"pa_alcohol-138","8":"pa_colour-white","9":"pa_region-slavonia-and-croatian-danube","10":"pa_residual-sugar-dry","11":"pa_subregion-croatian-danube","12":"pa_variety-chardonnay","13":"pa_vineyard-erdut","14":"pa_volume-750-ml","16":"first","17":"instock","18":"taxable","19":"shipping-taxable","20":"product-type-simple"},"_links":{"self":[{"href":"https:\/\/vinoljubac.hr\/hr\/wp-json\/wp\/v2\/product\/8861","targetHints":{"allow":["GET"]}}],"collection":[{"href":"https:\/\/vinoljubac.hr\/hr\/wp-json\/wp\/v2\/product"}],"about":[{"href":"https:\/\/vinoljubac.hr\/hr\/wp-json\/wp\/v2\/types\/product"}],"replies":[{"embeddable":true,"href":"https:\/\/vinoljubac.hr\/hr\/wp-json\/wp\/v2\/comments?post=8861"}],"version-history":[{"count":1,"href":"https:\/\/vinoljubac.hr\/hr\/wp-json\/wp\/v2\/product\/8861\/revisions"}],"predecessor-version":[{"id":11259,"href":"https:\/\/vinoljubac.hr\/hr\/wp-json\/wp\/v2\/product\/8861\/revisions\/11259"}],"wp:attachment":[{"href":"https:\/\/vinoljubac.hr\/hr\/wp-json\/wp\/v2\/media?parent=8861"}],"wp:term":[{"taxonomy":"product_brand","embeddable":true,"href":"https:\/\/vinoljubac.hr\/hr\/wp-json\/wp\/v2\/product_brand?post=8861"},{"taxonomy":"product_cat","embeddable":true,"href":"https:\/\/vinoljubac.hr\/hr\/wp-json\/wp\/v2\/product_cat?post=8861"},{"taxonomy":"product_tag","embeddable":true,"href":"https:\/\/vinoljubac.hr\/hr\/wp-json\/wp\/v2\/product_tag?post=8861"}],"curies":[{"name":"wp","href":"https:\/\/api.w.org\/{rel}","templated":true}]}}