{"id":8867,"date":"2023-07-01T10:58:07","date_gmt":"2023-07-01T08:58:07","guid":{"rendered":"https:\/\/vinoljubac.hr\/?post_type=product&#038;p=8867"},"modified":"2024-02-12T11:44:23","modified_gmt":"2024-02-12T10:44:23","slug":"iuris-sweet-traminer","status":"publish","type":"product","link":"https:\/\/vinoljubac.hr\/hr\/proizvod\/iuris-sweet-traminer\/","title":{"rendered":"IURIS SWEET TRAMINER"},"content":{"rendered":"","protected":false},"excerpt":{"rendered":"<p>Zlatno\u017eute boje sa zelenkastim odsjajem, visoke bistro\u0107e. Zrelo citrusno vo\u0107e, ru\u017ee i li\u010di \u010dine slojevitu aromatsku cjelinu. Na nepcu vrlo pitko i podatno, izuzetne harmonije i osvje\u017eavaju\u0107ih kiselina, bogatog okusa uz blagu dozu mineralnosti.<\/p>","protected":false},"featured_media":0,"comment_status":"open","ping_status":"closed","template":"","meta":{"om_disable_all_campaigns":false,"_monsterinsights_skip_tracking":false,"_monsterinsights_sitenote_active":false,"_monsterinsights_sitenote_note":"","_monsterinsights_sitenote_category":0},"product_brand":[],"product_cat":[451,580],"product_tag":[],"class_list":{"0":"post-8867","1":"product","2":"type-product","3":"status-publish","5":"product_cat-dessert-wines","6":"product_cat-traminac-dessert-wines","7":"pa_alcohol-116","8":"pa_colour-white","9":"pa_country-croatia","10":"pa_region-slavonia-and-croatian-danube","11":"pa_residual-sugar-semi-sweet","12":"pa_subregion-croatian-danube","13":"pa_variety-traminac","14":"pa_vineyard-erdut","15":"pa_volume-750-ml","17":"first","18":"onbackorder","19":"taxable","20":"shipping-taxable","21":"product-type-simple"},"_links":{"self":[{"href":"https:\/\/vinoljubac.hr\/hr\/wp-json\/wp\/v2\/product\/8867","targetHints":{"allow":["GET"]}}],"collection":[{"href":"https:\/\/vinoljubac.hr\/hr\/wp-json\/wp\/v2\/product"}],"about":[{"href":"https:\/\/vinoljubac.hr\/hr\/wp-json\/wp\/v2\/types\/product"}],"replies":[{"embeddable":true,"href":"https:\/\/vinoljubac.hr\/hr\/wp-json\/wp\/v2\/comments?post=8867"}],"version-history":[{"count":0,"href":"https:\/\/vinoljubac.hr\/hr\/wp-json\/wp\/v2\/product\/8867\/revisions"}],"wp:attachment":[{"href":"https:\/\/vinoljubac.hr\/hr\/wp-json\/wp\/v2\/media?parent=8867"}],"wp:term":[{"taxonomy":"product_brand","embeddable":true,"href":"https:\/\/vinoljubac.hr\/hr\/wp-json\/wp\/v2\/product_brand?post=8867"},{"taxonomy":"product_cat","embeddable":true,"href":"https:\/\/vinoljubac.hr\/hr\/wp-json\/wp\/v2\/product_cat?post=8867"},{"taxonomy":"product_tag","embeddable":true,"href":"https:\/\/vinoljubac.hr\/hr\/wp-json\/wp\/v2\/product_tag?post=8867"}],"curies":[{"name":"wp","href":"https:\/\/api.w.org\/{rel}","templated":true}]}}