{"id":8888,"date":"2023-07-03T11:48:41","date_gmt":"2023-07-03T09:48:41","guid":{"rendered":"https:\/\/vinoljubac.hr\/?post_type=product&#038;p=8888"},"modified":"2024-03-14T19:16:11","modified_gmt":"2024-03-14T18:16:11","slug":"kabola-merlot","status":"publish","type":"product","link":"https:\/\/vinoljubac.hr\/hr\/proizvod\/kabola-merlot\/","title":{"rendered":"KABOLA MERLOT"},"content":{"rendered":"","protected":false},"excerpt":{"rendered":"<p>Vino krasi elegantna rubin crvena boja, bistro je i gusto. Miris mu je fin i ugodan te na po\u010detku dominira nota borovnice na koju se nastavljaju note maline te crnog papra i cimeta. Ovo svje\u017ee vino punog tijela suho je, toplo i mekano, gotovo bar\u0161unasto. Uravnote\u017eeno, intenzivno, trajno i harmoni\u010dno, zavr\u0161ava notom suhe \u0161ljive. Poslu\u017eiti uz june\u0107i rib-eye odrezak.<\/p>\n<p>&nbsp;<\/p>","protected":false},"featured_media":0,"comment_status":"open","ping_status":"closed","template":"","meta":{"om_disable_all_campaigns":false,"_monsterinsights_skip_tracking":false,"_monsterinsights_sitenote_active":false,"_monsterinsights_sitenote_note":"","_monsterinsights_sitenote_category":0},"product_brand":[],"product_cat":[46,43],"product_tag":[],"class_list":{"0":"post-8888","1":"product","2":"type-product","3":"status-publish","5":"product_cat-merlot","6":"product_cat-red-wines","7":"pa_alcohol-14-2","8":"pa_colour-red","9":"pa_country-croatia","10":"pa_region-istria-and-croatian-littoral","11":"pa_residual-sugar-dry","12":"pa_subregion-croatian-istria","13":"pa_variety-merlot","14":"pa_vineyard-west-istria","15":"pa_volume-750-ml","17":"first","18":"instock","19":"taxable","20":"shipping-taxable","21":"product-type-simple"},"_links":{"self":[{"href":"https:\/\/vinoljubac.hr\/hr\/wp-json\/wp\/v2\/product\/8888","targetHints":{"allow":["GET"]}}],"collection":[{"href":"https:\/\/vinoljubac.hr\/hr\/wp-json\/wp\/v2\/product"}],"about":[{"href":"https:\/\/vinoljubac.hr\/hr\/wp-json\/wp\/v2\/types\/product"}],"replies":[{"embeddable":true,"href":"https:\/\/vinoljubac.hr\/hr\/wp-json\/wp\/v2\/comments?post=8888"}],"version-history":[{"count":0,"href":"https:\/\/vinoljubac.hr\/hr\/wp-json\/wp\/v2\/product\/8888\/revisions"}],"wp:attachment":[{"href":"https:\/\/vinoljubac.hr\/hr\/wp-json\/wp\/v2\/media?parent=8888"}],"wp:term":[{"taxonomy":"product_brand","embeddable":true,"href":"https:\/\/vinoljubac.hr\/hr\/wp-json\/wp\/v2\/product_brand?post=8888"},{"taxonomy":"product_cat","embeddable":true,"href":"https:\/\/vinoljubac.hr\/hr\/wp-json\/wp\/v2\/product_cat?post=8888"},{"taxonomy":"product_tag","embeddable":true,"href":"https:\/\/vinoljubac.hr\/hr\/wp-json\/wp\/v2\/product_tag?post=8888"}],"curies":[{"name":"wp","href":"https:\/\/api.w.org\/{rel}","templated":true}]}}