{"id":8894,"date":"2023-07-03T12:04:32","date_gmt":"2023-07-03T10:04:32","guid":{"rendered":"https:\/\/vinoljubac.hr\/?post_type=product&#038;p=8894"},"modified":"2025-04-01T14:41:31","modified_gmt":"2025-04-01T12:41:31","slug":"kabola-amfora-teran","status":"publish","type":"product","link":"https:\/\/vinoljubac.hr\/hr\/proizvod\/kabola-amfora-teran\/","title":{"rendered":"KABOLA AMFORA TERAN"},"content":{"rendered":"","protected":false},"excerpt":{"rendered":"<p>Vino se isti\u010de lijepom, dubokom rubin crvenom bojom, bistro je i gusto. Na prvi nos javlja se nota bobi\u010dastog vo\u0107a gdje dominira nota borovnice, potom se javljaju note vanilije i tamne \u010dokolade, a zatim note pra\u0161ine, cedrovine i, na kraju, ko\u017ee. Vino je suho, djelomi\u010dno toplo i mekano, a s druge strane krasi ga lijepa svje\u017eina. Ima fine tanine i puno tijelo. Uravnote\u017eenost, harmoni\u010dnost, izra\u017eena intenzivnost i trajnost okusa jo\u0161 su neke odlike ovog vina koje zavr\u0161ava notom suhe \u0161ljive. Poslu\u017eiti uz teletinu i svinjetinu ispod peke.<\/p>\n<p>&nbsp;<\/p>","protected":false},"featured_media":0,"comment_status":"open","ping_status":"closed","template":"","meta":{"om_disable_all_campaigns":false,"_monsterinsights_skip_tracking":false,"_monsterinsights_sitenote_active":false,"_monsterinsights_sitenote_note":"","_monsterinsights_sitenote_category":0},"product_brand":[],"product_cat":[43,164],"product_tag":[],"class_list":{"0":"post-8894","1":"product","2":"type-product","3":"status-publish","5":"product_cat-red-wines","6":"product_cat-teran","7":"pa_alcohol-138","8":"pa_colour-red","9":"pa_country-croatia","10":"pa_region-istria-and-croatian-littoral","11":"pa_residual-sugar-dry","12":"pa_subregion-croatian-istria","13":"pa_variety-teran","14":"pa_vineyard-west-istria","15":"pa_volume-750-ml","17":"first","18":"instock","19":"taxable","20":"shipping-taxable","21":"product-type-simple"},"_links":{"self":[{"href":"https:\/\/vinoljubac.hr\/hr\/wp-json\/wp\/v2\/product\/8894","targetHints":{"allow":["GET"]}}],"collection":[{"href":"https:\/\/vinoljubac.hr\/hr\/wp-json\/wp\/v2\/product"}],"about":[{"href":"https:\/\/vinoljubac.hr\/hr\/wp-json\/wp\/v2\/types\/product"}],"replies":[{"embeddable":true,"href":"https:\/\/vinoljubac.hr\/hr\/wp-json\/wp\/v2\/comments?post=8894"}],"version-history":[{"count":1,"href":"https:\/\/vinoljubac.hr\/hr\/wp-json\/wp\/v2\/product\/8894\/revisions"}],"predecessor-version":[{"id":11066,"href":"https:\/\/vinoljubac.hr\/hr\/wp-json\/wp\/v2\/product\/8894\/revisions\/11066"}],"wp:attachment":[{"href":"https:\/\/vinoljubac.hr\/hr\/wp-json\/wp\/v2\/media?parent=8894"}],"wp:term":[{"taxonomy":"product_brand","embeddable":true,"href":"https:\/\/vinoljubac.hr\/hr\/wp-json\/wp\/v2\/product_brand?post=8894"},{"taxonomy":"product_cat","embeddable":true,"href":"https:\/\/vinoljubac.hr\/hr\/wp-json\/wp\/v2\/product_cat?post=8894"},{"taxonomy":"product_tag","embeddable":true,"href":"https:\/\/vinoljubac.hr\/hr\/wp-json\/wp\/v2\/product_tag?post=8894"}],"curies":[{"name":"wp","href":"https:\/\/api.w.org\/{rel}","templated":true}]}}