{"id":8897,"date":"2023-07-03T12:12:29","date_gmt":"2023-07-03T10:12:29","guid":{"rendered":"https:\/\/vinoljubac.hr\/?post_type=product&#038;p=8897"},"modified":"2024-08-14T11:38:20","modified_gmt":"2024-08-14T09:38:20","slug":"kabola-supremo","status":"publish","type":"product","link":"https:\/\/vinoljubac.hr\/hr\/proizvod\/kabola-supremo\/","title":{"rendered":"KABOLA SUPREMO"},"content":{"rendered":"","protected":false},"excerpt":{"rendered":"<p>Vino ima lijepu, duboku rubin crvenu boju, bisto je i gusto. Miris se polako otvara, a sa svakim novim mirisanjem osje\u0107a se nova nota. Na po\u010detku dominira nota divlje kupine koju slijedi nota crnog ribiza potom malo vanilije i dima te nota pra\u0161ine, kasnije dolaze note mljevene kave i ko\u017ee. Vino je suho, toplo i svje\u017ee. Tanini su mekani, fine granulacije, tijelo je sna\u017eno, a mineralnost izra\u017eena. Krasi ga izvrsna ravnote\u017ea, intenzivnost i trajnost, a zavr\u0161ava notom crnog ribiza. Savr\u0161eno se sljubljuje s june\u0107im T-bone odreskom.<\/p>\n<p>&nbsp;<\/p>","protected":false},"featured_media":0,"comment_status":"open","ping_status":"closed","template":"","meta":{"om_disable_all_campaigns":false,"_monsterinsights_skip_tracking":false,"_monsterinsights_sitenote_active":false,"_monsterinsights_sitenote_note":"","_monsterinsights_sitenote_category":0},"product_brand":[],"product_cat":[49,46,43,164],"product_tag":[],"class_list":{"0":"post-8897","1":"product","2":"type-product","3":"status-publish","5":"product_cat-cabernet-sauvignon","6":"product_cat-merlot","7":"product_cat-red-wines","8":"product_cat-teran","9":"pa_alcohol-457","10":"pa_colour-red","11":"pa_country-croatia","12":"pa_region-istria-and-croatian-littoral","13":"pa_residual-sugar-dry","14":"pa_subregion-croatian-istria","15":"pa_variety-cabernet-sauvignon","16":"pa_variety-merlot","17":"pa_variety-teran","18":"pa_vineyard-west-istria","19":"pa_volume-750-ml","21":"first","22":"instock","23":"taxable","24":"shipping-taxable","25":"product-type-simple"},"_links":{"self":[{"href":"https:\/\/vinoljubac.hr\/hr\/wp-json\/wp\/v2\/product\/8897","targetHints":{"allow":["GET"]}}],"collection":[{"href":"https:\/\/vinoljubac.hr\/hr\/wp-json\/wp\/v2\/product"}],"about":[{"href":"https:\/\/vinoljubac.hr\/hr\/wp-json\/wp\/v2\/types\/product"}],"replies":[{"embeddable":true,"href":"https:\/\/vinoljubac.hr\/hr\/wp-json\/wp\/v2\/comments?post=8897"}],"version-history":[{"count":0,"href":"https:\/\/vinoljubac.hr\/hr\/wp-json\/wp\/v2\/product\/8897\/revisions"}],"wp:attachment":[{"href":"https:\/\/vinoljubac.hr\/hr\/wp-json\/wp\/v2\/media?parent=8897"}],"wp:term":[{"taxonomy":"product_brand","embeddable":true,"href":"https:\/\/vinoljubac.hr\/hr\/wp-json\/wp\/v2\/product_brand?post=8897"},{"taxonomy":"product_cat","embeddable":true,"href":"https:\/\/vinoljubac.hr\/hr\/wp-json\/wp\/v2\/product_cat?post=8897"},{"taxonomy":"product_tag","embeddable":true,"href":"https:\/\/vinoljubac.hr\/hr\/wp-json\/wp\/v2\/product_tag?post=8897"}],"curies":[{"name":"wp","href":"https:\/\/api.w.org\/{rel}","templated":true}]}}