{"id":9003,"date":"2023-07-14T10:52:58","date_gmt":"2023-07-14T08:52:58","guid":{"rendered":"https:\/\/vinoljubac.hr\/?post_type=product&#038;p=9003"},"modified":"2023-11-16T13:17:36","modified_gmt":"2023-11-16T12:17:36","slug":"moet-chandon-ice-imperial-rose","status":"publish","type":"product","link":"https:\/\/vinoljubac.hr\/hr\/proizvod\/moet-chandon-ice-imperial-rose\/","title":{"rendered":"MO\u00cbT &amp; CHANDON ICE IMP\u00c9RIAL ROS\u00c9"},"content":{"rendered":"","protected":false},"excerpt":{"rendered":"<p>Vivid pink gleaming colour with golden highlights. Mainly scents of fragrant red berries and cherries and nuances of juicy summer fruits-fig and nectarine.<\/p>","protected":false},"featured_media":0,"comment_status":"open","ping_status":"closed","template":"","meta":{"om_disable_all_campaigns":false,"_monsterinsights_skip_tracking":false,"_monsterinsights_sitenote_active":false,"_monsterinsights_sitenote_note":"","_monsterinsights_sitenote_category":0},"product_brand":[],"product_cat":[236,703,183,79],"product_tag":[],"class_list":{"0":"post-9003","1":"product","2":"type-product","3":"status-publish","5":"product_cat-chardonnay-sparkling-wines","6":"product_cat-pinot-meunier","7":"product_cat-pinot-noir-sparkling-wines","8":"product_cat-sparkling-wines","9":"pa_alcohol-116","10":"pa_colour-rose","11":"pa_country-france","12":"pa_residual-sugar-demi-sec","13":"pa_variety-chardonnay","14":"pa_variety-pinot-meunier","15":"pa_variety-pinot-noir","16":"pa_volume-750-ml","18":"first","19":"instock","20":"taxable","21":"shipping-taxable","22":"product-type-simple"},"_links":{"self":[{"href":"https:\/\/vinoljubac.hr\/hr\/wp-json\/wp\/v2\/product\/9003","targetHints":{"allow":["GET"]}}],"collection":[{"href":"https:\/\/vinoljubac.hr\/hr\/wp-json\/wp\/v2\/product"}],"about":[{"href":"https:\/\/vinoljubac.hr\/hr\/wp-json\/wp\/v2\/types\/product"}],"replies":[{"embeddable":true,"href":"https:\/\/vinoljubac.hr\/hr\/wp-json\/wp\/v2\/comments?post=9003"}],"version-history":[{"count":0,"href":"https:\/\/vinoljubac.hr\/hr\/wp-json\/wp\/v2\/product\/9003\/revisions"}],"wp:attachment":[{"href":"https:\/\/vinoljubac.hr\/hr\/wp-json\/wp\/v2\/media?parent=9003"}],"wp:term":[{"taxonomy":"product_brand","embeddable":true,"href":"https:\/\/vinoljubac.hr\/hr\/wp-json\/wp\/v2\/product_brand?post=9003"},{"taxonomy":"product_cat","embeddable":true,"href":"https:\/\/vinoljubac.hr\/hr\/wp-json\/wp\/v2\/product_cat?post=9003"},{"taxonomy":"product_tag","embeddable":true,"href":"https:\/\/vinoljubac.hr\/hr\/wp-json\/wp\/v2\/product_tag?post=9003"}],"curies":[{"name":"wp","href":"https:\/\/api.w.org\/{rel}","templated":true}]}}