{"id":9081,"date":"2023-07-17T10:19:16","date_gmt":"2023-07-17T08:19:16","guid":{"rendered":"https:\/\/vinoljubac.hr\/?post_type=product&#038;p=9081"},"modified":"2024-02-16T07:10:44","modified_gmt":"2024-02-16T06:10:44","slug":"kraljevski-vinogradi-crljenak","status":"publish","type":"product","link":"https:\/\/vinoljubac.hr\/hr\/proizvod\/kraljevski-vinogradi-crljenak\/","title":{"rendered":"KRALJEVSKI VINOGRADI CRLJENAK"},"content":{"rendered":"","protected":false},"excerpt":{"rendered":"<p>Vino je vo\u0107no, pitko, mekih aroma i intenzivne crvenorubinske boje. Nagla\u0161ene su vo\u0107ne arome borovnice, ribiza, kupine, \u0161ljive i maline. Na nepcu djeluje zaokru\u017eeno, umjerenih tanina, vrlo elegantne strukture i fino doziranog drveta.<\/p>","protected":false},"featured_media":0,"comment_status":"open","ping_status":"closed","template":"","meta":{"om_disable_all_campaigns":false,"_monsterinsights_skip_tracking":false,"_monsterinsights_sitenote_active":false,"_monsterinsights_sitenote_note":"","_monsterinsights_sitenote_category":0},"product_brand":[],"product_cat":[705,43],"product_tag":[],"class_list":{"0":"post-9081","1":"product","2":"type-product","3":"status-publish","5":"product_cat-crljenak","6":"product_cat-red-wines","7":"pa_alcohol-457","8":"pa_colour-red","9":"pa_country-croatia","10":"pa_region-dalmatia","11":"pa_residual-sugar-dry","12":"pa_subregion-north-dalmatia","13":"pa_variety-crljenak","14":"pa_vineyard-zadar-biograd","15":"pa_volume-750-ml","17":"first","18":"instock","19":"taxable","20":"shipping-taxable","21":"product-type-simple"},"_links":{"self":[{"href":"https:\/\/vinoljubac.hr\/hr\/wp-json\/wp\/v2\/product\/9081","targetHints":{"allow":["GET"]}}],"collection":[{"href":"https:\/\/vinoljubac.hr\/hr\/wp-json\/wp\/v2\/product"}],"about":[{"href":"https:\/\/vinoljubac.hr\/hr\/wp-json\/wp\/v2\/types\/product"}],"replies":[{"embeddable":true,"href":"https:\/\/vinoljubac.hr\/hr\/wp-json\/wp\/v2\/comments?post=9081"}],"version-history":[{"count":0,"href":"https:\/\/vinoljubac.hr\/hr\/wp-json\/wp\/v2\/product\/9081\/revisions"}],"wp:attachment":[{"href":"https:\/\/vinoljubac.hr\/hr\/wp-json\/wp\/v2\/media?parent=9081"}],"wp:term":[{"taxonomy":"product_brand","embeddable":true,"href":"https:\/\/vinoljubac.hr\/hr\/wp-json\/wp\/v2\/product_brand?post=9081"},{"taxonomy":"product_cat","embeddable":true,"href":"https:\/\/vinoljubac.hr\/hr\/wp-json\/wp\/v2\/product_cat?post=9081"},{"taxonomy":"product_tag","embeddable":true,"href":"https:\/\/vinoljubac.hr\/hr\/wp-json\/wp\/v2\/product_tag?post=9081"}],"curies":[{"name":"wp","href":"https:\/\/api.w.org\/{rel}","templated":true}]}}