{"id":9108,"date":"2023-07-18T10:30:35","date_gmt":"2023-07-18T08:30:35","guid":{"rendered":"https:\/\/vinoljubac.hr\/?post_type=product&#038;p=9108"},"modified":"2025-08-04T09:38:01","modified_gmt":"2025-08-04T07:38:01","slug":"zlatan-plavac-exclusive","status":"publish","type":"product","link":"https:\/\/vinoljubac.hr\/hr\/proizvod\/zlatan-plavac-exclusive\/","title":{"rendered":"ZLATAN PLAVAC EXCLUSIVE"},"content":{"rendered":"","protected":false},"excerpt":{"rendered":"<p>Zlatan Plavac Exclusive izvanserijsko je sofisticirano vino profinjena mirisa, kompleksne strukture te sna\u017enog, bogatog, savr\u0161eno balansiranog okusa. Istovremeno potpuno ugla\u0111eno i nevjerojatno sna\u017eno. Vino za posebne prilike. Za u\u017eivanje nakon jela ili uz fini odrezak s paprom, a sljubljuje se i s tamnom \u010dokoladom.<\/p>","protected":false},"featured_media":0,"comment_status":"open","ping_status":"closed","template":"","meta":{"om_disable_all_campaigns":false,"_monsterinsights_skip_tracking":false,"_monsterinsights_sitenote_active":false,"_monsterinsights_sitenote_note":"","_monsterinsights_sitenote_category":0},"product_brand":[],"product_cat":[106,43],"product_tag":[],"class_list":{"0":"post-9108","1":"product","2":"type-product","3":"status-publish","5":"product_cat-plavac-mali","6":"product_cat-red-wines","7":"pa_alcohol-136","8":"pa_colour-red","9":"pa_country-croatia","10":"pa_region-dalmatia","11":"pa_residual-sugar-dry","12":"pa_subregion-central-and-south-dalmatia","13":"pa_variety-plavac-mali","14":"pa_vineyard-hvar","15":"pa_volume-750-ml","17":"first","18":"instock","19":"taxable","20":"shipping-taxable","21":"product-type-simple"},"_links":{"self":[{"href":"https:\/\/vinoljubac.hr\/hr\/wp-json\/wp\/v2\/product\/9108","targetHints":{"allow":["GET"]}}],"collection":[{"href":"https:\/\/vinoljubac.hr\/hr\/wp-json\/wp\/v2\/product"}],"about":[{"href":"https:\/\/vinoljubac.hr\/hr\/wp-json\/wp\/v2\/types\/product"}],"replies":[{"embeddable":true,"href":"https:\/\/vinoljubac.hr\/hr\/wp-json\/wp\/v2\/comments?post=9108"}],"version-history":[{"count":1,"href":"https:\/\/vinoljubac.hr\/hr\/wp-json\/wp\/v2\/product\/9108\/revisions"}],"predecessor-version":[{"id":11220,"href":"https:\/\/vinoljubac.hr\/hr\/wp-json\/wp\/v2\/product\/9108\/revisions\/11220"}],"wp:attachment":[{"href":"https:\/\/vinoljubac.hr\/hr\/wp-json\/wp\/v2\/media?parent=9108"}],"wp:term":[{"taxonomy":"product_brand","embeddable":true,"href":"https:\/\/vinoljubac.hr\/hr\/wp-json\/wp\/v2\/product_brand?post=9108"},{"taxonomy":"product_cat","embeddable":true,"href":"https:\/\/vinoljubac.hr\/hr\/wp-json\/wp\/v2\/product_cat?post=9108"},{"taxonomy":"product_tag","embeddable":true,"href":"https:\/\/vinoljubac.hr\/hr\/wp-json\/wp\/v2\/product_tag?post=9108"}],"curies":[{"name":"wp","href":"https:\/\/api.w.org\/{rel}","templated":true}]}}