{"id":9111,"date":"2023-07-18T10:49:01","date_gmt":"2023-07-18T08:49:01","guid":{"rendered":"https:\/\/vinoljubac.hr\/?post_type=product&#038;p=9111"},"modified":"2025-04-08T08:25:14","modified_gmt":"2025-04-08T06:25:14","slug":"zlatan-plavac-eko","status":"publish","type":"product","link":"https:\/\/vinoljubac.hr\/hr\/proizvod\/zlatan-plavac-eko\/","title":{"rendered":"ZLATAN PLAVAC EKO"},"content":{"rendered":"","protected":false},"excerpt":{"rendered":"<p>Vino srednjeg tijela, izra\u017eajnih, ali mekih tanina, ugodnih alkohola i kiselina. Na nosu prevladavaju tipi\u010dne arome plavca poput tamnih tre\u0161anja i zemljanih nota dok je nepce puno tamnog bobi\u010dastog vo\u0107a i paprenih za\u010dina. Ugla\u0111eno, pitko vino izra\u017eenih vo\u0107nih aroma. Savr\u0161eno se sla\u017ee s tvrdim sirevima i dalmatinskim pr\u0161utom, raznim mesnim jelima ili plavom ribom sa \u017eara.<\/p>","protected":false},"featured_media":0,"comment_status":"open","ping_status":"closed","template":"","meta":{"om_disable_all_campaigns":false,"_monsterinsights_skip_tracking":false,"_monsterinsights_sitenote_active":false,"_monsterinsights_sitenote_note":"","_monsterinsights_sitenote_category":0},"product_brand":[],"product_cat":[106,43],"product_tag":[],"class_list":{"0":"post-9111","1":"product","2":"type-product","3":"status-publish","5":"product_cat-plavac-mali","6":"product_cat-red-wines","7":"pa_alcohol-457","8":"pa_colour-red","9":"pa_country-croatia","10":"pa_region-dalmatia","11":"pa_residual-sugar-dry","12":"pa_subregion-north-dalmatia","13":"pa_variety-plavac-mali","14":"pa_vineyard-sibenik","15":"pa_volume-750-ml","17":"first","18":"instock","19":"taxable","20":"shipping-taxable","21":"product-type-simple"},"_links":{"self":[{"href":"https:\/\/vinoljubac.hr\/hr\/wp-json\/wp\/v2\/product\/9111","targetHints":{"allow":["GET"]}}],"collection":[{"href":"https:\/\/vinoljubac.hr\/hr\/wp-json\/wp\/v2\/product"}],"about":[{"href":"https:\/\/vinoljubac.hr\/hr\/wp-json\/wp\/v2\/types\/product"}],"replies":[{"embeddable":true,"href":"https:\/\/vinoljubac.hr\/hr\/wp-json\/wp\/v2\/comments?post=9111"}],"version-history":[{"count":1,"href":"https:\/\/vinoljubac.hr\/hr\/wp-json\/wp\/v2\/product\/9111\/revisions"}],"predecessor-version":[{"id":11219,"href":"https:\/\/vinoljubac.hr\/hr\/wp-json\/wp\/v2\/product\/9111\/revisions\/11219"}],"wp:attachment":[{"href":"https:\/\/vinoljubac.hr\/hr\/wp-json\/wp\/v2\/media?parent=9111"}],"wp:term":[{"taxonomy":"product_brand","embeddable":true,"href":"https:\/\/vinoljubac.hr\/hr\/wp-json\/wp\/v2\/product_brand?post=9111"},{"taxonomy":"product_cat","embeddable":true,"href":"https:\/\/vinoljubac.hr\/hr\/wp-json\/wp\/v2\/product_cat?post=9111"},{"taxonomy":"product_tag","embeddable":true,"href":"https:\/\/vinoljubac.hr\/hr\/wp-json\/wp\/v2\/product_tag?post=9111"}],"curies":[{"name":"wp","href":"https:\/\/api.w.org\/{rel}","templated":true}]}}