{"id":9114,"date":"2023-07-18T11:02:35","date_gmt":"2023-07-18T09:02:35","guid":{"rendered":"https:\/\/vinoljubac.hr\/?post_type=product&#038;p=9114"},"modified":"2025-07-28T15:19:12","modified_gmt":"2025-07-28T13:19:12","slug":"zlatan-babic","status":"publish","type":"product","link":"https:\/\/vinoljubac.hr\/hr\/proizvod\/zlatan-babic\/","title":{"rendered":"ZLATAN BABI\u0106"},"content":{"rendered":"","protected":false},"excerpt":{"rendered":"<p>Vino crvene boje rubina, prepoznatljiva mirisa vi\u0161nje i tamnog bobi\u010dastog vo\u0107a. Zaokru\u017eeno, toplih, ugodnih alkohola, lijepe svje\u017eine i umjerenih tanina. Okusom dominiraju ugodne vo\u0107ne arome vi\u0161nje, crvene \u0161ljive i bobi\u010dastog vo\u0107a. Poslu\u017eiti uz dalmatinski pr\u0161ut, divlja\u010d i meso ili ribu sa \u017eara.<\/p>","protected":false},"featured_media":0,"comment_status":"open","ping_status":"closed","template":"","meta":{"om_disable_all_campaigns":false,"_monsterinsights_skip_tracking":false,"_monsterinsights_sitenote_active":false,"_monsterinsights_sitenote_note":"","_monsterinsights_sitenote_category":0},"product_brand":[],"product_cat":[128,43],"product_tag":[],"class_list":{"0":"post-9114","1":"product","2":"type-product","3":"status-publish","5":"product_cat-babic","6":"product_cat-red-wines","7":"pa_alcohol-457","8":"pa_colour-red","9":"pa_country-croatia","10":"pa_region-dalmatia","11":"pa_residual-sugar-dry","12":"pa_subregion-north-dalmatia","13":"pa_variety-babic","14":"pa_vineyard-sibenik","15":"pa_volume-750-ml","17":"first","18":"instock","19":"taxable","20":"shipping-taxable","21":"product-type-simple"},"_links":{"self":[{"href":"https:\/\/vinoljubac.hr\/hr\/wp-json\/wp\/v2\/product\/9114","targetHints":{"allow":["GET"]}}],"collection":[{"href":"https:\/\/vinoljubac.hr\/hr\/wp-json\/wp\/v2\/product"}],"about":[{"href":"https:\/\/vinoljubac.hr\/hr\/wp-json\/wp\/v2\/types\/product"}],"replies":[{"embeddable":true,"href":"https:\/\/vinoljubac.hr\/hr\/wp-json\/wp\/v2\/comments?post=9114"}],"version-history":[{"count":1,"href":"https:\/\/vinoljubac.hr\/hr\/wp-json\/wp\/v2\/product\/9114\/revisions"}],"predecessor-version":[{"id":11218,"href":"https:\/\/vinoljubac.hr\/hr\/wp-json\/wp\/v2\/product\/9114\/revisions\/11218"}],"wp:attachment":[{"href":"https:\/\/vinoljubac.hr\/hr\/wp-json\/wp\/v2\/media?parent=9114"}],"wp:term":[{"taxonomy":"product_brand","embeddable":true,"href":"https:\/\/vinoljubac.hr\/hr\/wp-json\/wp\/v2\/product_brand?post=9114"},{"taxonomy":"product_cat","embeddable":true,"href":"https:\/\/vinoljubac.hr\/hr\/wp-json\/wp\/v2\/product_cat?post=9114"},{"taxonomy":"product_tag","embeddable":true,"href":"https:\/\/vinoljubac.hr\/hr\/wp-json\/wp\/v2\/product_tag?post=9114"}],"curies":[{"name":"wp","href":"https:\/\/api.w.org\/{rel}","templated":true}]}}