{"id":9117,"date":"2023-07-18T11:13:53","date_gmt":"2023-07-18T09:13:53","guid":{"rendered":"https:\/\/vinoljubac.hr\/?post_type=product&#038;p=9117"},"modified":"2025-04-08T08:23:47","modified_gmt":"2025-04-08T06:23:47","slug":"zlatan-crljenak","status":"publish","type":"product","link":"https:\/\/vinoljubac.hr\/hr\/proizvod\/zlatan-crljenak\/","title":{"rendered":"ZLATAN CRLJENAK"},"content":{"rendered":"","protected":false},"excerpt":{"rendered":"<p>Svje\u017ee, aromati\u010dno vino poznato po svojoj tamnocrvenoj boji i aromama tamnog bobi\u010dastog vo\u0107a s paprenim zavr\u0161etkom. Vino punog tijela i bogate strukture. U usporedbi s plavcima, vina od Crljenka imaju nje\u017eniju taninsku strukturu i vi\u0161e kiseline zbog \u010dega ka\u017eemo da su malo svje\u017eija i nje\u017enija. Savr\u0161eno se sla\u017ee uz biftek, patku, tradicionalnu pa\u0161ticadu i razli\u010dite vrste sireva.<\/p>","protected":false},"featured_media":0,"comment_status":"open","ping_status":"closed","template":"","meta":{"om_disable_all_campaigns":false,"_monsterinsights_skip_tracking":false,"_monsterinsights_sitenote_active":false,"_monsterinsights_sitenote_note":"","_monsterinsights_sitenote_category":0},"product_brand":[],"product_cat":[705,43],"product_tag":[],"class_list":{"0":"post-9117","1":"product","2":"type-product","3":"status-publish","5":"product_cat-crljenak","6":"product_cat-red-wines","7":"pa_alcohol-136","8":"pa_colour-red","9":"pa_country-croatia","10":"pa_region-dalmatia","11":"pa_residual-sugar-dry","12":"pa_subregion-central-and-south-dalmatia","13":"pa_variety-crljenak","14":"pa_vineyard-split-omis-makarska","15":"pa_volume-750-ml","17":"first","18":"instock","19":"taxable","20":"shipping-taxable","21":"product-type-simple"},"_links":{"self":[{"href":"https:\/\/vinoljubac.hr\/hr\/wp-json\/wp\/v2\/product\/9117","targetHints":{"allow":["GET"]}}],"collection":[{"href":"https:\/\/vinoljubac.hr\/hr\/wp-json\/wp\/v2\/product"}],"about":[{"href":"https:\/\/vinoljubac.hr\/hr\/wp-json\/wp\/v2\/types\/product"}],"replies":[{"embeddable":true,"href":"https:\/\/vinoljubac.hr\/hr\/wp-json\/wp\/v2\/comments?post=9117"}],"version-history":[{"count":1,"href":"https:\/\/vinoljubac.hr\/hr\/wp-json\/wp\/v2\/product\/9117\/revisions"}],"predecessor-version":[{"id":11217,"href":"https:\/\/vinoljubac.hr\/hr\/wp-json\/wp\/v2\/product\/9117\/revisions\/11217"}],"wp:attachment":[{"href":"https:\/\/vinoljubac.hr\/hr\/wp-json\/wp\/v2\/media?parent=9117"}],"wp:term":[{"taxonomy":"product_brand","embeddable":true,"href":"https:\/\/vinoljubac.hr\/hr\/wp-json\/wp\/v2\/product_brand?post=9117"},{"taxonomy":"product_cat","embeddable":true,"href":"https:\/\/vinoljubac.hr\/hr\/wp-json\/wp\/v2\/product_cat?post=9117"},{"taxonomy":"product_tag","embeddable":true,"href":"https:\/\/vinoljubac.hr\/hr\/wp-json\/wp\/v2\/product_tag?post=9117"}],"curies":[{"name":"wp","href":"https:\/\/api.w.org\/{rel}","templated":true}]}}