{"id":9120,"date":"2023-07-18T11:25:29","date_gmt":"2023-07-18T09:25:29","guid":{"rendered":"https:\/\/vinoljubac.hr\/?post_type=product&#038;p=9120"},"modified":"2025-04-08T08:23:33","modified_gmt":"2025-04-08T06:23:33","slug":"zlatan-cuvee","status":"publish","type":"product","link":"https:\/\/vinoljubac.hr\/hr\/proizvod\/zlatan-cuvee\/","title":{"rendered":"ZLATAN CUV\u00c9E"},"content":{"rendered":"","protected":false},"excerpt":{"rendered":"<p>Ova druga\u010dija, originalna kupa\u017ea objedinjuje sva tri na\u0161a vinograda i vino je pravog dalmatinskog karaktera. Plavac mali i Babi\u0107 uz manju koli\u010dinu Syraha odli\u010dna su kombinacija koja nam daje vino lijepih aroma crvenog vo\u0107a i mediteranskih za\u010dina. Ovo je vino srednjeg tijela, mekih tanina, ugodnih kiselina i svje\u017eine. Poslu\u017eiti ga uz plavu ribu poput sardina ili tune, dimljenu \u0161unku, tvrde sireve, pizzu ili tjesteninu s crvenim umakom, june\u0107i gula\u0161 ili odrezak.<\/p>","protected":false},"featured_media":0,"comment_status":"open","ping_status":"closed","template":"","meta":{"om_disable_all_campaigns":false,"_monsterinsights_skip_tracking":false,"_monsterinsights_sitenote_active":false,"_monsterinsights_sitenote_note":"","_monsterinsights_sitenote_category":0},"product_brand":[],"product_cat":[128,106,43,158],"product_tag":[],"class_list":{"0":"post-9120","1":"product","2":"type-product","3":"status-publish","5":"product_cat-babic","6":"product_cat-plavac-mali","7":"product_cat-red-wines","8":"product_cat-syrah","9":"pa_alcohol-138","10":"pa_colour-red","11":"pa_country-croatia","12":"pa_region-dalmatia","13":"pa_residual-sugar-dry","14":"pa_subregion-central-and-south-dalmatia","15":"pa_subregion-north-dalmatia","16":"pa_variety-babic","17":"pa_variety-plavac-mali","18":"pa_variety-syrah","19":"pa_vineyard-hvar","20":"pa_vineyard-sibenik","21":"pa_vineyard-split-omis-makarska","22":"pa_volume-750-ml","24":"first","25":"instock","26":"taxable","27":"shipping-taxable","28":"product-type-simple"},"_links":{"self":[{"href":"https:\/\/vinoljubac.hr\/hr\/wp-json\/wp\/v2\/product\/9120","targetHints":{"allow":["GET"]}}],"collection":[{"href":"https:\/\/vinoljubac.hr\/hr\/wp-json\/wp\/v2\/product"}],"about":[{"href":"https:\/\/vinoljubac.hr\/hr\/wp-json\/wp\/v2\/types\/product"}],"replies":[{"embeddable":true,"href":"https:\/\/vinoljubac.hr\/hr\/wp-json\/wp\/v2\/comments?post=9120"}],"version-history":[{"count":1,"href":"https:\/\/vinoljubac.hr\/hr\/wp-json\/wp\/v2\/product\/9120\/revisions"}],"predecessor-version":[{"id":11216,"href":"https:\/\/vinoljubac.hr\/hr\/wp-json\/wp\/v2\/product\/9120\/revisions\/11216"}],"wp:attachment":[{"href":"https:\/\/vinoljubac.hr\/hr\/wp-json\/wp\/v2\/media?parent=9120"}],"wp:term":[{"taxonomy":"product_brand","embeddable":true,"href":"https:\/\/vinoljubac.hr\/hr\/wp-json\/wp\/v2\/product_brand?post=9120"},{"taxonomy":"product_cat","embeddable":true,"href":"https:\/\/vinoljubac.hr\/hr\/wp-json\/wp\/v2\/product_cat?post=9120"},{"taxonomy":"product_tag","embeddable":true,"href":"https:\/\/vinoljubac.hr\/hr\/wp-json\/wp\/v2\/product_tag?post=9120"}],"curies":[{"name":"wp","href":"https:\/\/api.w.org\/{rel}","templated":true}]}}