{"id":9123,"date":"2023-07-18T11:31:38","date_gmt":"2023-07-18T09:31:38","guid":{"rendered":"https:\/\/vinoljubac.hr\/?post_type=product&#038;p=9123"},"modified":"2025-04-08T08:23:11","modified_gmt":"2025-04-08T06:23:11","slug":"zlatan-posip-eko","status":"publish","type":"product","link":"https:\/\/vinoljubac.hr\/hr\/proizvod\/zlatan-posip-eko\/","title":{"rendered":"ZLATAN PO\u0160IP EKO"},"content":{"rendered":"","protected":false},"excerpt":{"rendered":"<p>Zlatan Po\u0161ip Eko jo\u0161 je jedna mediteranska poslastica - klasi\u010dan primjer dalmatinskog bijelog vina. Odva\u017eno i bogato vino punog, trajnog i vo\u0107nog okusa, lagane gor\u010dine i ugodnog zavr\u0161etka. U\u017eivajte u ovom vinu uz mediteranska jela, morske plodove, \u0161koljke i razne tjestenine.<\/p>","protected":false},"featured_media":0,"comment_status":"open","ping_status":"closed","template":"","meta":{"om_disable_all_campaigns":false,"_monsterinsights_skip_tracking":false,"_monsterinsights_sitenote_active":false,"_monsterinsights_sitenote_note":"","_monsterinsights_sitenote_category":0},"product_brand":[],"product_cat":[177,44],"product_tag":[],"class_list":{"0":"post-9123","1":"product","2":"type-product","3":"status-publish","5":"product_cat-posip","6":"product_cat-white-wines","7":"pa_alcohol-457","8":"pa_colour-white","9":"pa_country-croatia","10":"pa_region-dalmatia","11":"pa_residual-sugar-dry","12":"pa_subregion-north-dalmatia","13":"pa_variety-posip","14":"pa_vineyard-sibenik","15":"pa_volume-750-ml","17":"first","18":"instock","19":"taxable","20":"shipping-taxable","21":"product-type-simple"},"_links":{"self":[{"href":"https:\/\/vinoljubac.hr\/hr\/wp-json\/wp\/v2\/product\/9123","targetHints":{"allow":["GET"]}}],"collection":[{"href":"https:\/\/vinoljubac.hr\/hr\/wp-json\/wp\/v2\/product"}],"about":[{"href":"https:\/\/vinoljubac.hr\/hr\/wp-json\/wp\/v2\/types\/product"}],"replies":[{"embeddable":true,"href":"https:\/\/vinoljubac.hr\/hr\/wp-json\/wp\/v2\/comments?post=9123"}],"version-history":[{"count":1,"href":"https:\/\/vinoljubac.hr\/hr\/wp-json\/wp\/v2\/product\/9123\/revisions"}],"predecessor-version":[{"id":11215,"href":"https:\/\/vinoljubac.hr\/hr\/wp-json\/wp\/v2\/product\/9123\/revisions\/11215"}],"wp:attachment":[{"href":"https:\/\/vinoljubac.hr\/hr\/wp-json\/wp\/v2\/media?parent=9123"}],"wp:term":[{"taxonomy":"product_brand","embeddable":true,"href":"https:\/\/vinoljubac.hr\/hr\/wp-json\/wp\/v2\/product_brand?post=9123"},{"taxonomy":"product_cat","embeddable":true,"href":"https:\/\/vinoljubac.hr\/hr\/wp-json\/wp\/v2\/product_cat?post=9123"},{"taxonomy":"product_tag","embeddable":true,"href":"https:\/\/vinoljubac.hr\/hr\/wp-json\/wp\/v2\/product_tag?post=9123"}],"curies":[{"name":"wp","href":"https:\/\/api.w.org\/{rel}","templated":true}]}}