{"id":9126,"date":"2023-07-18T11:41:06","date_gmt":"2023-07-18T09:41:06","guid":{"rendered":"https:\/\/vinoljubac.hr\/?post_type=product&#038;p=9126"},"modified":"2025-07-16T10:04:17","modified_gmt":"2025-07-16T08:04:17","slug":"zlatan-otok-cuvee","status":"publish","type":"product","link":"https:\/\/vinoljubac.hr\/hr\/proizvod\/zlatan-otok-cuvee\/","title":{"rendered":"ZLATAN OTOK CUV\u00c9E"},"content":{"rendered":"","protected":false},"excerpt":{"rendered":"<p>Sna\u017ean, vo\u0107an Po\u0161ip i nje\u017ena, cvjetna Bogdanu\u0161a daju nam originalnu dalmatinsku kupa\u017eu, blistavozlatni nektar iz vinograda okru\u017eenih morem i suncem. Lagano, osvje\u017eavaju\u0107e vino lijepog mirisa i umjerenih, dobro balansiranih kiselina. Ova kupa\u017ea jo\u0161 je jedna \u017eivahna i ukusna ekspresija teroara dalmatinskih otoka. Sla\u017ee se s ribom i plodovima mora, jelima od peradi, ri\u017eotima i tvrdim sirevima.<\/p>","protected":false},"featured_media":0,"comment_status":"open","ping_status":"closed","template":"","meta":{"om_disable_all_campaigns":false,"_monsterinsights_skip_tracking":false,"_monsterinsights_sitenote_active":false,"_monsterinsights_sitenote_note":"","_monsterinsights_sitenote_category":0},"product_brand":[],"product_cat":[708,177,44],"product_tag":[],"class_list":{"0":"post-9126","1":"product","2":"type-product","3":"status-publish","5":"product_cat-bogdanusa","6":"product_cat-posip","7":"product_cat-white-wines","8":"pa_alcohol-138","9":"pa_colour-white","10":"pa_country-croatia","11":"pa_region-dalmatia","12":"pa_residual-sugar-dry","13":"pa_subregion-central-and-south-dalmatia","14":"pa_variety-bogdanusa","15":"pa_variety-posip","16":"pa_vineyard-hvar","17":"pa_volume-750-ml","19":"first","20":"instock","21":"taxable","22":"shipping-taxable","23":"product-type-simple"},"_links":{"self":[{"href":"https:\/\/vinoljubac.hr\/hr\/wp-json\/wp\/v2\/product\/9126","targetHints":{"allow":["GET"]}}],"collection":[{"href":"https:\/\/vinoljubac.hr\/hr\/wp-json\/wp\/v2\/product"}],"about":[{"href":"https:\/\/vinoljubac.hr\/hr\/wp-json\/wp\/v2\/types\/product"}],"replies":[{"embeddable":true,"href":"https:\/\/vinoljubac.hr\/hr\/wp-json\/wp\/v2\/comments?post=9126"}],"version-history":[{"count":2,"href":"https:\/\/vinoljubac.hr\/hr\/wp-json\/wp\/v2\/product\/9126\/revisions"}],"predecessor-version":[{"id":11333,"href":"https:\/\/vinoljubac.hr\/hr\/wp-json\/wp\/v2\/product\/9126\/revisions\/11333"}],"wp:attachment":[{"href":"https:\/\/vinoljubac.hr\/hr\/wp-json\/wp\/v2\/media?parent=9126"}],"wp:term":[{"taxonomy":"product_brand","embeddable":true,"href":"https:\/\/vinoljubac.hr\/hr\/wp-json\/wp\/v2\/product_brand?post=9126"},{"taxonomy":"product_cat","embeddable":true,"href":"https:\/\/vinoljubac.hr\/hr\/wp-json\/wp\/v2\/product_cat?post=9126"},{"taxonomy":"product_tag","embeddable":true,"href":"https:\/\/vinoljubac.hr\/hr\/wp-json\/wp\/v2\/product_tag?post=9126"}],"curies":[{"name":"wp","href":"https:\/\/api.w.org\/{rel}","templated":true}]}}