{"id":9129,"date":"2023-07-18T11:49:26","date_gmt":"2023-07-18T09:49:26","guid":{"rendered":"https:\/\/vinoljubac.hr\/?post_type=product&#038;p=9129"},"modified":"2026-01-31T06:10:54","modified_gmt":"2026-01-31T05:10:54","slug":"zlatan-rose","status":"publish","type":"product","link":"https:\/\/vinoljubac.hr\/hr\/proizvod\/zlatan-rose\/","title":{"rendered":"ZLATAN ROS\u00c9"},"content":{"rendered":"","protected":false},"excerpt":{"rendered":"<p>Vino lijepog vo\u0107nog mirisa i aroma bobi\u010dastog vo\u0107a, niskih alkohola i umjerenih kiselina. Idealno za u\u017eivanje u toplijim proljetnim i ljetnim danima. Savr\u0161eno se sla\u017ee s raznim predjelima, salatama, ribljim jelima, tjesteninama i ri\u017eotima, desertima i bobi\u010dastim vo\u0107em.<\/p>","protected":false},"featured_media":0,"comment_status":"open","ping_status":"closed","template":"","meta":{"om_disable_all_campaigns":false,"_monsterinsights_skip_tracking":false,"_monsterinsights_sitenote_active":false,"_monsterinsights_sitenote_note":"","_monsterinsights_sitenote_category":0},"product_brand":[],"product_cat":[242,78],"product_tag":[],"class_list":{"0":"post-9129","1":"product","2":"type-product","3":"status-publish","5":"product_cat-plavac-mali-rose-wines","6":"product_cat-rose-wines","7":"pa_alcohol-116","8":"pa_colour-rose","9":"pa_country-croatia","10":"pa_region-dalmatia","11":"pa_residual-sugar-dry","12":"pa_subregion-north-dalmatia","13":"pa_variety-plavac-mali","14":"pa_vineyard-sibenik","15":"pa_volume-750-ml","17":"first","18":"instock","19":"taxable","20":"shipping-taxable","21":"product-type-simple"},"_links":{"self":[{"href":"https:\/\/vinoljubac.hr\/hr\/wp-json\/wp\/v2\/product\/9129","targetHints":{"allow":["GET"]}}],"collection":[{"href":"https:\/\/vinoljubac.hr\/hr\/wp-json\/wp\/v2\/product"}],"about":[{"href":"https:\/\/vinoljubac.hr\/hr\/wp-json\/wp\/v2\/types\/product"}],"replies":[{"embeddable":true,"href":"https:\/\/vinoljubac.hr\/hr\/wp-json\/wp\/v2\/comments?post=9129"}],"version-history":[{"count":0,"href":"https:\/\/vinoljubac.hr\/hr\/wp-json\/wp\/v2\/product\/9129\/revisions"}],"wp:attachment":[{"href":"https:\/\/vinoljubac.hr\/hr\/wp-json\/wp\/v2\/media?parent=9129"}],"wp:term":[{"taxonomy":"product_brand","embeddable":true,"href":"https:\/\/vinoljubac.hr\/hr\/wp-json\/wp\/v2\/product_brand?post=9129"},{"taxonomy":"product_cat","embeddable":true,"href":"https:\/\/vinoljubac.hr\/hr\/wp-json\/wp\/v2\/product_cat?post=9129"},{"taxonomy":"product_tag","embeddable":true,"href":"https:\/\/vinoljubac.hr\/hr\/wp-json\/wp\/v2\/product_tag?post=9129"}],"curies":[{"name":"wp","href":"https:\/\/api.w.org\/{rel}","templated":true}]}}