{"id":9132,"date":"2023-07-18T11:57:31","date_gmt":"2023-07-18T09:57:31","guid":{"rendered":"https:\/\/vinoljubac.hr\/?post_type=product&#038;p=9132"},"modified":"2025-04-08T08:22:30","modified_gmt":"2025-04-08T06:22:30","slug":"zlatan-posip","status":"publish","type":"product","link":"https:\/\/vinoljubac.hr\/hr\/proizvod\/zlatan-posip\/","title":{"rendered":"ZLATAN PO\u0160IP VRHUNSKI"},"content":{"rendered":"","protected":false},"excerpt":{"rendered":"<p>Mediteranski robusno vino, ali i elegantno, punog okusa, odi\u0161e svje\u017einom, impresivnom mineralno\u0161\u0107u i lijepim sortnim aromama. Vino umjerenih kiselina, bogate strukture, puno vo\u0107nosti i lijepih mirisa poput marelice, su\u0161ene smokve i meda. U\u017eivajte u ovom vinu uz ribu, \u0161koljke, bijelo meso, tvrde sireve i su\u0161eno vo\u0107e.<\/p>","protected":false},"featured_media":0,"comment_status":"open","ping_status":"closed","template":"","meta":{"om_disable_all_campaigns":false,"_monsterinsights_skip_tracking":false,"_monsterinsights_sitenote_active":false,"_monsterinsights_sitenote_note":"","_monsterinsights_sitenote_category":0},"product_brand":[],"product_cat":[177,44],"product_tag":[],"class_list":{"0":"post-9132","1":"product","2":"type-product","3":"status-publish","5":"product_cat-posip","6":"product_cat-white-wines","7":"pa_alcohol-457","8":"pa_colour-white","9":"pa_country-croatia","10":"pa_region-dalmatia","11":"pa_residual-sugar-dry","12":"pa_subregion-central-and-south-dalmatia","13":"pa_variety-posip","14":"pa_vineyard-split-omis-makarska","15":"pa_volume-750-ml","17":"first","18":"instock","19":"taxable","20":"shipping-taxable","21":"product-type-simple"},"_links":{"self":[{"href":"https:\/\/vinoljubac.hr\/hr\/wp-json\/wp\/v2\/product\/9132","targetHints":{"allow":["GET"]}}],"collection":[{"href":"https:\/\/vinoljubac.hr\/hr\/wp-json\/wp\/v2\/product"}],"about":[{"href":"https:\/\/vinoljubac.hr\/hr\/wp-json\/wp\/v2\/types\/product"}],"replies":[{"embeddable":true,"href":"https:\/\/vinoljubac.hr\/hr\/wp-json\/wp\/v2\/comments?post=9132"}],"version-history":[{"count":1,"href":"https:\/\/vinoljubac.hr\/hr\/wp-json\/wp\/v2\/product\/9132\/revisions"}],"predecessor-version":[{"id":11213,"href":"https:\/\/vinoljubac.hr\/hr\/wp-json\/wp\/v2\/product\/9132\/revisions\/11213"}],"wp:attachment":[{"href":"https:\/\/vinoljubac.hr\/hr\/wp-json\/wp\/v2\/media?parent=9132"}],"wp:term":[{"taxonomy":"product_brand","embeddable":true,"href":"https:\/\/vinoljubac.hr\/hr\/wp-json\/wp\/v2\/product_brand?post=9132"},{"taxonomy":"product_cat","embeddable":true,"href":"https:\/\/vinoljubac.hr\/hr\/wp-json\/wp\/v2\/product_cat?post=9132"},{"taxonomy":"product_tag","embeddable":true,"href":"https:\/\/vinoljubac.hr\/hr\/wp-json\/wp\/v2\/product_tag?post=9132"}],"curies":[{"name":"wp","href":"https:\/\/api.w.org\/{rel}","templated":true}]}}