{"id":9166,"date":"2023-07-24T07:54:14","date_gmt":"2023-07-24T05:54:14","guid":{"rendered":"https:\/\/vinoljubac.hr\/?post_type=product&#038;p=9166"},"modified":"2025-04-07T08:37:37","modified_gmt":"2025-04-07T06:37:37","slug":"krauthaker-mercs","status":"publish","type":"product","link":"https:\/\/vinoljubac.hr\/hr\/proizvod\/krauthaker-mercs\/","title":{"rendered":"KRAUTHAKER MERCS"},"content":{"rendered":"","protected":false},"excerpt":{"rendered":"<p id=\"tw-target-text\" class=\"tw-data-text tw-text-large tw-ta\" dir=\"ltr\" data-placeholder=\"Prijevod\"><span class=\"Y2IQFc\" lang=\"en\">Vino je ime dobilo prema sortama od kojih se proizvodi, a to su Merlot i Cabernet sauvignon koji su pokazali izvrstan sinergijski u\u010dinak. Na nosu \u0161ljiva, vi\u0161nja, tamno bobi\u010dasto vo\u0107e, nota cedrovine i \u010dokolade; vo\u0107an na nepcu, ugodne i produ\u017eene trajnosti.<\/span><\/p>","protected":false},"featured_media":0,"comment_status":"open","ping_status":"closed","template":"","meta":{"om_disable_all_campaigns":false,"_monsterinsights_skip_tracking":false,"_monsterinsights_sitenote_active":false,"_monsterinsights_sitenote_note":"","_monsterinsights_sitenote_category":0},"product_brand":[],"product_cat":[49,46,43],"product_tag":[],"class_list":{"0":"post-9166","1":"product","2":"type-product","3":"status-publish","5":"product_cat-cabernet-sauvignon","6":"product_cat-merlot","7":"product_cat-red-wines","8":"pa_alcohol-14-2","9":"pa_colour-red","10":"pa_country-croatia","11":"pa_region-slavonia-and-croatian-danube","12":"pa_residual-sugar-dry","13":"pa_subregion-slavonia","14":"pa_variety-cabernet-sauvignon","15":"pa_variety-merlot","16":"pa_vineyard-kutjevo","17":"pa_volume-750-ml","19":"first","20":"instock","21":"taxable","22":"shipping-taxable","23":"product-type-simple"},"_links":{"self":[{"href":"https:\/\/vinoljubac.hr\/hr\/wp-json\/wp\/v2\/product\/9166","targetHints":{"allow":["GET"]}}],"collection":[{"href":"https:\/\/vinoljubac.hr\/hr\/wp-json\/wp\/v2\/product"}],"about":[{"href":"https:\/\/vinoljubac.hr\/hr\/wp-json\/wp\/v2\/types\/product"}],"replies":[{"embeddable":true,"href":"https:\/\/vinoljubac.hr\/hr\/wp-json\/wp\/v2\/comments?post=9166"}],"version-history":[{"count":1,"href":"https:\/\/vinoljubac.hr\/hr\/wp-json\/wp\/v2\/product\/9166\/revisions"}],"predecessor-version":[{"id":11164,"href":"https:\/\/vinoljubac.hr\/hr\/wp-json\/wp\/v2\/product\/9166\/revisions\/11164"}],"wp:attachment":[{"href":"https:\/\/vinoljubac.hr\/hr\/wp-json\/wp\/v2\/media?parent=9166"}],"wp:term":[{"taxonomy":"product_brand","embeddable":true,"href":"https:\/\/vinoljubac.hr\/hr\/wp-json\/wp\/v2\/product_brand?post=9166"},{"taxonomy":"product_cat","embeddable":true,"href":"https:\/\/vinoljubac.hr\/hr\/wp-json\/wp\/v2\/product_cat?post=9166"},{"taxonomy":"product_tag","embeddable":true,"href":"https:\/\/vinoljubac.hr\/hr\/wp-json\/wp\/v2\/product_tag?post=9166"}],"curies":[{"name":"wp","href":"https:\/\/api.w.org\/{rel}","templated":true}]}}