{"id":9169,"date":"2023-07-24T08:10:58","date_gmt":"2023-07-24T06:10:58","guid":{"rendered":"https:\/\/vinoljubac.hr\/?post_type=product&#038;p=9169"},"modified":"2025-05-27T22:01:31","modified_gmt":"2025-05-27T20:01:31","slug":"krauthaker-grasevina-mitrovac","status":"publish","type":"product","link":"https:\/\/vinoljubac.hr\/hr\/proizvod\/krauthaker-grasevina-mitrovac\/","title":{"rendered":"KRAUTHAKER GRA\u0160EVINA MITROVAC"},"content":{"rendered":"","protected":false},"excerpt":{"rendered":"<p id=\"tw-target-text\" class=\"tw-data-text tw-text-large tw-ta\" dir=\"ltr\" data-placeholder=\"Prijevod\"><span class=\"Y2IQFc\" lang=\"en\">Kristalno sjajno vino slamnato\u017eute boje. Svje\u017ee je, vo\u0107nih i cvjetnih aroma me\u0111u kojima dominiraju jabuka i vinogradarska breskva. U ustima je toplo, zaokru\u017eeno i skladno, a odlikuje ga dobro tijelo. Okus vina je \u017eiv, kiseline su dobro izbalansirane, a zavr\u0161etak je blago gorak \u0161to je svojstveno sorti. Najbolje je poslu\u017eiti ga uz hladna i topla predjela kao \u0161to su doma\u0107i naresci, tjestenina s umakom od povr\u0107a, ri\u017eot s plodovima mora, riba i teletina.<\/span><\/p>","protected":false},"featured_media":0,"comment_status":"open","ping_status":"closed","template":"","meta":{"om_disable_all_campaigns":false,"_monsterinsights_skip_tracking":false,"_monsterinsights_sitenote_active":false,"_monsterinsights_sitenote_note":"","_monsterinsights_sitenote_category":0},"product_brand":[],"product_cat":[216,44],"product_tag":[],"class_list":{"0":"post-9169","1":"product","2":"type-product","3":"status-publish","5":"product_cat-grasevina-white-wines","6":"product_cat-white-wines","7":"pa_alcohol-457","8":"pa_colour-white","9":"pa_country-croatia","10":"pa_region-slavonia-and-croatian-danube","11":"pa_residual-sugar-dry","12":"pa_subregion-slavonia","13":"pa_variety-grasevina","14":"pa_vineyard-kutjevo","15":"pa_volume-750-ml","17":"first","18":"outofstock","19":"taxable","20":"shipping-taxable","21":"product-type-simple"},"_links":{"self":[{"href":"https:\/\/vinoljubac.hr\/hr\/wp-json\/wp\/v2\/product\/9169","targetHints":{"allow":["GET"]}}],"collection":[{"href":"https:\/\/vinoljubac.hr\/hr\/wp-json\/wp\/v2\/product"}],"about":[{"href":"https:\/\/vinoljubac.hr\/hr\/wp-json\/wp\/v2\/types\/product"}],"replies":[{"embeddable":true,"href":"https:\/\/vinoljubac.hr\/hr\/wp-json\/wp\/v2\/comments?post=9169"}],"version-history":[{"count":1,"href":"https:\/\/vinoljubac.hr\/hr\/wp-json\/wp\/v2\/product\/9169\/revisions"}],"predecessor-version":[{"id":11165,"href":"https:\/\/vinoljubac.hr\/hr\/wp-json\/wp\/v2\/product\/9169\/revisions\/11165"}],"wp:attachment":[{"href":"https:\/\/vinoljubac.hr\/hr\/wp-json\/wp\/v2\/media?parent=9169"}],"wp:term":[{"taxonomy":"product_brand","embeddable":true,"href":"https:\/\/vinoljubac.hr\/hr\/wp-json\/wp\/v2\/product_brand?post=9169"},{"taxonomy":"product_cat","embeddable":true,"href":"https:\/\/vinoljubac.hr\/hr\/wp-json\/wp\/v2\/product_cat?post=9169"},{"taxonomy":"product_tag","embeddable":true,"href":"https:\/\/vinoljubac.hr\/hr\/wp-json\/wp\/v2\/product_tag?post=9169"}],"curies":[{"name":"wp","href":"https:\/\/api.w.org\/{rel}","templated":true}]}}