{"id":9172,"date":"2023-07-24T08:23:03","date_gmt":"2023-07-24T06:23:03","guid":{"rendered":"https:\/\/vinoljubac.hr\/?post_type=product&#038;p=9172"},"modified":"2025-04-07T08:36:58","modified_gmt":"2025-04-07T06:36:58","slug":"krauthaker-pinot-crni","status":"publish","type":"product","link":"https:\/\/vinoljubac.hr\/hr\/proizvod\/krauthaker-pinot-crni\/","title":{"rendered":"KRAUTHAKER PINOT CRNI"},"content":{"rendered":"","protected":false},"excerpt":{"rendered":"<p id=\"tw-target-text\" class=\"tw-data-text tw-text-large tw-ta\" dir=\"ltr\" data-placeholder=\"Prijevod\"><span class=\"Y2IQFc\" lang=\"en\">Moderno, mekano, puno i toplo s dosta vo\u0107nosti. U ustima \u017eivo, s primjetnom, ali nenametljivom taninskom strukturom, fino zaobljeno, dosta duga\u010dko. Tamnije iskri\u010dave rubinske boje, s diskretno, no sasvim dovoljno jako, izra\u017eenim mirisom kojemu treba malo vremena da se otvori. Nakon toga slijedi lijepi, slo\u017eeni buke sa zrelim tamnim jagodi\u010dastim i ko\u0161tuni\u010davim vo\u0107em podr\u017eanim poljupcima dima i vanilije, nijansama tamnoga cvije\u0107a i posu\u0161ena i za\u010dinskog bilja te tragom bijelog papra. Okus \u010dist, ugodno gorkast, s dobrom kiselosti, mekan, s finim zrnatim tkivom, skladan i trajan. Retronazalno se ponovno javlja tamno jagodi\u010dasto vo\u0107e. Poslu\u017eiti uz mesa s ro\u0161tilja, pe\u010denje od svjetlijega mesa, jela od pernate divlja\u010di ili polutvrde sireve.<\/span><\/p>","protected":false},"featured_media":0,"comment_status":"open","ping_status":"closed","template":"","meta":{"om_disable_all_campaigns":false,"_monsterinsights_skip_tracking":false,"_monsterinsights_sitenote_active":false,"_monsterinsights_sitenote_note":"","_monsterinsights_sitenote_category":0},"product_brand":[],"product_cat":[47,43],"product_tag":[],"class_list":{"0":"post-9172","1":"product","2":"type-product","3":"status-publish","5":"product_cat-pinot-noir","6":"product_cat-red-wines","7":"pa_alcohol-14-2","8":"pa_colour-red","9":"pa_country-croatia","10":"pa_region-slavonia-and-croatian-danube","11":"pa_residual-sugar-dry","12":"pa_subregion-slavonia","13":"pa_variety-pinot-noir","14":"pa_vineyard-kutjevo","15":"pa_volume-750-ml","17":"first","18":"instock","19":"taxable","20":"shipping-taxable","21":"product-type-simple"},"_links":{"self":[{"href":"https:\/\/vinoljubac.hr\/hr\/wp-json\/wp\/v2\/product\/9172","targetHints":{"allow":["GET"]}}],"collection":[{"href":"https:\/\/vinoljubac.hr\/hr\/wp-json\/wp\/v2\/product"}],"about":[{"href":"https:\/\/vinoljubac.hr\/hr\/wp-json\/wp\/v2\/types\/product"}],"replies":[{"embeddable":true,"href":"https:\/\/vinoljubac.hr\/hr\/wp-json\/wp\/v2\/comments?post=9172"}],"version-history":[{"count":1,"href":"https:\/\/vinoljubac.hr\/hr\/wp-json\/wp\/v2\/product\/9172\/revisions"}],"predecessor-version":[{"id":11163,"href":"https:\/\/vinoljubac.hr\/hr\/wp-json\/wp\/v2\/product\/9172\/revisions\/11163"}],"wp:attachment":[{"href":"https:\/\/vinoljubac.hr\/hr\/wp-json\/wp\/v2\/media?parent=9172"}],"wp:term":[{"taxonomy":"product_brand","embeddable":true,"href":"https:\/\/vinoljubac.hr\/hr\/wp-json\/wp\/v2\/product_brand?post=9172"},{"taxonomy":"product_cat","embeddable":true,"href":"https:\/\/vinoljubac.hr\/hr\/wp-json\/wp\/v2\/product_cat?post=9172"},{"taxonomy":"product_tag","embeddable":true,"href":"https:\/\/vinoljubac.hr\/hr\/wp-json\/wp\/v2\/product_tag?post=9172"}],"curies":[{"name":"wp","href":"https:\/\/api.w.org\/{rel}","templated":true}]}}