{"id":9175,"date":"2023-07-24T08:34:00","date_gmt":"2023-07-24T06:34:00","guid":{"rendered":"https:\/\/vinoljubac.hr\/?post_type=product&#038;p=9175"},"modified":"2025-04-07T08:36:40","modified_gmt":"2025-04-07T06:36:40","slug":"krauthaker-pinot-sivi","status":"publish","type":"product","link":"https:\/\/vinoljubac.hr\/hr\/proizvod\/krauthaker-pinot-sivi\/","title":{"rendered":"KRAUTHAKER PINOT SIVI"},"content":{"rendered":"","protected":false},"excerpt":{"rendered":"<p id=\"tw-target-text\" class=\"tw-data-text tw-text-large tw-ta\" dir=\"ltr\" data-placeholder=\"Prijevod\"><span class=\"Y2IQFc\" lang=\"en\">\u017divo, toplo i skladno vino s dobro izra\u017eenom vo\u0107nosti i svje\u017einom, bez za\u010dinskih utjecaja drva. Svjetlije slamnato\u017eute boje, kristalne bistro\u0107e, miris upu\u0107uje na zrelo doma\u0107e bijelo i zeleno vo\u0107e kao i na ju\u017eno. U ustima je slankasto, primjerene kiselosti i lijepo zaokru\u017eeno, solidnog trajanja. Poslu\u017eiti uz jela s tjesteninom, ri\u017eote, bijelu ribu i pe\u010deno svijetlo meso.<\/span><\/p>","protected":false},"featured_media":0,"comment_status":"open","ping_status":"closed","template":"","meta":{"om_disable_all_campaigns":false,"_monsterinsights_skip_tracking":false,"_monsterinsights_sitenote_active":false,"_monsterinsights_sitenote_note":"","_monsterinsights_sitenote_category":0},"product_brand":[],"product_cat":[225,44],"product_tag":[],"class_list":{"0":"post-9175","1":"product","2":"type-product","3":"status-publish","5":"product_cat-pinot-gray","6":"product_cat-white-wines","7":"pa_alcohol-457","8":"pa_colour-white","9":"pa_country-croatia","10":"pa_region-slavonia-and-croatian-danube","11":"pa_residual-sugar-dry","12":"pa_subregion-slavonia","13":"pa_variety-pinot-gray","14":"pa_vineyard-kutjevo","15":"pa_volume-750-ml","17":"first","18":"instock","19":"taxable","20":"shipping-taxable","21":"product-type-simple"},"_links":{"self":[{"href":"https:\/\/vinoljubac.hr\/hr\/wp-json\/wp\/v2\/product\/9175","targetHints":{"allow":["GET"]}}],"collection":[{"href":"https:\/\/vinoljubac.hr\/hr\/wp-json\/wp\/v2\/product"}],"about":[{"href":"https:\/\/vinoljubac.hr\/hr\/wp-json\/wp\/v2\/types\/product"}],"replies":[{"embeddable":true,"href":"https:\/\/vinoljubac.hr\/hr\/wp-json\/wp\/v2\/comments?post=9175"}],"version-history":[{"count":1,"href":"https:\/\/vinoljubac.hr\/hr\/wp-json\/wp\/v2\/product\/9175\/revisions"}],"predecessor-version":[{"id":11162,"href":"https:\/\/vinoljubac.hr\/hr\/wp-json\/wp\/v2\/product\/9175\/revisions\/11162"}],"wp:attachment":[{"href":"https:\/\/vinoljubac.hr\/hr\/wp-json\/wp\/v2\/media?parent=9175"}],"wp:term":[{"taxonomy":"product_brand","embeddable":true,"href":"https:\/\/vinoljubac.hr\/hr\/wp-json\/wp\/v2\/product_brand?post=9175"},{"taxonomy":"product_cat","embeddable":true,"href":"https:\/\/vinoljubac.hr\/hr\/wp-json\/wp\/v2\/product_cat?post=9175"},{"taxonomy":"product_tag","embeddable":true,"href":"https:\/\/vinoljubac.hr\/hr\/wp-json\/wp\/v2\/product_tag?post=9175"}],"curies":[{"name":"wp","href":"https:\/\/api.w.org\/{rel}","templated":true}]}}