{"id":9178,"date":"2023-07-24T08:44:38","date_gmt":"2023-07-24T06:44:38","guid":{"rendered":"https:\/\/vinoljubac.hr\/?post_type=product&#038;p=9178"},"modified":"2025-04-07T08:36:22","modified_gmt":"2025-04-07T06:36:22","slug":"krauthaker-rose-cuvee","status":"publish","type":"product","link":"https:\/\/vinoljubac.hr\/hr\/proizvod\/krauthaker-rose-cuvee\/","title":{"rendered":"KRAUTHAKER ROS\u00c9 CUV\u00c9E"},"content":{"rendered":"","protected":false},"excerpt":{"rendered":"<p id=\"tw-target-text\" class=\"tw-data-text tw-text-large tw-ta\" dir=\"ltr\" data-placeholder=\"Prijevod\"><span class=\"Y2IQFc\" lang=\"en\">Na nosu diskretno, vrlo svje\u017ee i vo\u0107no dominirano aromama tamnocrvenog bobi\u010dastog i ko\u0161tuni\u010davog vo\u0107a. Vino kristalno bistre ru\u017ei\u010daste boje, izra\u017eenih vo\u0107nih aroma i \u017eivahnog finala. Lepr\u0161avost, svje\u017eina i lagana struktura \u010dine ga odli\u010dnim pratiteljem laganih obroka kao \u0161to su jela s tjesteninom, povr\u0107em i plodovima mora.<\/span><\/p>","protected":false},"featured_media":0,"comment_status":"open","ping_status":"closed","template":"","meta":{"om_disable_all_campaigns":false,"_monsterinsights_skip_tracking":false,"_monsterinsights_sitenote_active":false,"_monsterinsights_sitenote_note":"","_monsterinsights_sitenote_category":0},"product_brand":[],"product_cat":[233,234,235,78,300],"product_tag":[],"class_list":{"0":"post-9178","1":"product","2":"type-product","3":"status-publish","5":"product_cat-cabernet-sauvignon-rose-wines","6":"product_cat-merlot-rose-wines","7":"product_cat-pinot-noir-rose-wines","8":"product_cat-rose-wines","9":"product_cat-syrah-rose-wines","10":"pa_alcohol-138","11":"pa_colour-rose","12":"pa_country-croatia","13":"pa_region-slavonia-and-croatian-danube","14":"pa_residual-sugar-dry","15":"pa_subregion-slavonia","16":"pa_variety-cabernet-sauvignon","17":"pa_variety-merlot","18":"pa_variety-pinot-noir","19":"pa_variety-syrah","20":"pa_vineyard-kutjevo","21":"pa_volume-750-ml","23":"first","24":"instock","25":"taxable","26":"shipping-taxable","27":"product-type-simple"},"_links":{"self":[{"href":"https:\/\/vinoljubac.hr\/hr\/wp-json\/wp\/v2\/product\/9178","targetHints":{"allow":["GET"]}}],"collection":[{"href":"https:\/\/vinoljubac.hr\/hr\/wp-json\/wp\/v2\/product"}],"about":[{"href":"https:\/\/vinoljubac.hr\/hr\/wp-json\/wp\/v2\/types\/product"}],"replies":[{"embeddable":true,"href":"https:\/\/vinoljubac.hr\/hr\/wp-json\/wp\/v2\/comments?post=9178"}],"version-history":[{"count":1,"href":"https:\/\/vinoljubac.hr\/hr\/wp-json\/wp\/v2\/product\/9178\/revisions"}],"predecessor-version":[{"id":11161,"href":"https:\/\/vinoljubac.hr\/hr\/wp-json\/wp\/v2\/product\/9178\/revisions\/11161"}],"wp:attachment":[{"href":"https:\/\/vinoljubac.hr\/hr\/wp-json\/wp\/v2\/media?parent=9178"}],"wp:term":[{"taxonomy":"product_brand","embeddable":true,"href":"https:\/\/vinoljubac.hr\/hr\/wp-json\/wp\/v2\/product_brand?post=9178"},{"taxonomy":"product_cat","embeddable":true,"href":"https:\/\/vinoljubac.hr\/hr\/wp-json\/wp\/v2\/product_cat?post=9178"},{"taxonomy":"product_tag","embeddable":true,"href":"https:\/\/vinoljubac.hr\/hr\/wp-json\/wp\/v2\/product_tag?post=9178"}],"curies":[{"name":"wp","href":"https:\/\/api.w.org\/{rel}","templated":true}]}}