{"id":9193,"date":"2023-07-25T09:09:25","date_gmt":"2023-07-25T07:09:25","guid":{"rendered":"https:\/\/vinoljubac.hr\/?post_type=product&#038;p=9193"},"modified":"2025-04-01T08:50:41","modified_gmt":"2025-04-01T06:50:41","slug":"crvik-vilin-ples","status":"publish","type":"product","link":"https:\/\/vinoljubac.hr\/hr\/proizvod\/crvik-vilin-ples\/","title":{"rendered":"CRVIK VILIN PLES"},"content":{"rendered":"","protected":false},"excerpt":{"rendered":"<p id=\"tw-target-text\" class=\"tw-data-text tw-text-large tw-ta\" dir=\"ltr\" data-placeholder=\"Prijevod\"><span class=\"Y2IQFc\" lang=\"en\">Ovo vino karakteriziraju tamna rubinsko crvena boja s ljubi\u010dastim tonovima, vo\u0107ne arome, sna\u017eno tijelo i laganini tanini. Dozrijeva u hrastovim ba\u010dvama, a sla\u017ee se s mesom s ro\u0161tilja i sirevima.<\/span><\/p>","protected":false},"featured_media":0,"comment_status":"open","ping_status":"closed","template":"","meta":{"om_disable_all_campaigns":false,"_monsterinsights_skip_tracking":false,"_monsterinsights_sitenote_active":false,"_monsterinsights_sitenote_note":"","_monsterinsights_sitenote_category":0},"product_brand":[],"product_cat":[49,46,106,43],"product_tag":[],"class_list":{"0":"post-9193","1":"product","2":"type-product","3":"status-publish","5":"product_cat-cabernet-sauvignon","6":"product_cat-merlot","7":"product_cat-plavac-mali","8":"product_cat-red-wines","9":"pa_alcohol-457","10":"pa_colour-red","11":"pa_country-croatia","12":"pa_region-dalmatia","13":"pa_residual-sugar-semi-dry","14":"pa_subregion-central-and-south-dalmatia","15":"pa_variety-cabernet-sauvignon","16":"pa_variety-merlot","17":"pa_variety-plavac-mali","18":"pa_vineyard-konavle","19":"pa_volume-750-ml","21":"first","22":"instock","23":"taxable","24":"shipping-taxable","25":"product-type-simple"},"_links":{"self":[{"href":"https:\/\/vinoljubac.hr\/hr\/wp-json\/wp\/v2\/product\/9193","targetHints":{"allow":["GET"]}}],"collection":[{"href":"https:\/\/vinoljubac.hr\/hr\/wp-json\/wp\/v2\/product"}],"about":[{"href":"https:\/\/vinoljubac.hr\/hr\/wp-json\/wp\/v2\/types\/product"}],"replies":[{"embeddable":true,"href":"https:\/\/vinoljubac.hr\/hr\/wp-json\/wp\/v2\/comments?post=9193"}],"version-history":[{"count":1,"href":"https:\/\/vinoljubac.hr\/hr\/wp-json\/wp\/v2\/product\/9193\/revisions"}],"predecessor-version":[{"id":11029,"href":"https:\/\/vinoljubac.hr\/hr\/wp-json\/wp\/v2\/product\/9193\/revisions\/11029"}],"wp:attachment":[{"href":"https:\/\/vinoljubac.hr\/hr\/wp-json\/wp\/v2\/media?parent=9193"}],"wp:term":[{"taxonomy":"product_brand","embeddable":true,"href":"https:\/\/vinoljubac.hr\/hr\/wp-json\/wp\/v2\/product_brand?post=9193"},{"taxonomy":"product_cat","embeddable":true,"href":"https:\/\/vinoljubac.hr\/hr\/wp-json\/wp\/v2\/product_cat?post=9193"},{"taxonomy":"product_tag","embeddable":true,"href":"https:\/\/vinoljubac.hr\/hr\/wp-json\/wp\/v2\/product_tag?post=9193"}],"curies":[{"name":"wp","href":"https:\/\/api.w.org\/{rel}","templated":true}]}}