{"id":9199,"date":"2023-07-25T10:25:20","date_gmt":"2023-07-25T08:25:20","guid":{"rendered":"https:\/\/vinoljubac.hr\/?post_type=product&#038;p=9199"},"modified":"2025-04-01T08:52:10","modified_gmt":"2025-04-01T06:52:10","slug":"crvik-blasius","status":"publish","type":"product","link":"https:\/\/vinoljubac.hr\/hr\/proizvod\/crvik-blasius\/","title":{"rendered":"CRVIK BLASIUS"},"content":{"rendered":"","protected":false},"excerpt":{"rendered":"<p id=\"tw-target-text\" class=\"tw-data-text tw-text-large tw-ta\" dir=\"ltr\" data-placeholder=\"Prijevod\"><span class=\"Y2IQFc\" lang=\"en\">Ovo je stara sorta koja je poznata od 14. stolje\u0107a na dubrova\u010dkom podru\u010dju. Malvasija dubrova\u010dka, fermentirana i odle\u017eana u ba\u010dvi, mije\u0161ala se zajedno s ko\u017eicom i sjemenkama to\u010dno 8 mjeseci, nakon \u010dega je odle\u017eavala jo\u0161 4 mjeseca bez komine. Preporu\u010duje se piti uz meso i oboritu ribu. Nije filtrirano, mogu\u0107a neznatna pojava taloga.<\/span><\/p>","protected":false},"featured_media":0,"comment_status":"open","ping_status":"closed","template":"","meta":{"om_disable_all_campaigns":false,"_monsterinsights_skip_tracking":false,"_monsterinsights_sitenote_active":false,"_monsterinsights_sitenote_note":"","_monsterinsights_sitenote_category":0},"product_brand":[],"product_cat":[713,305],"product_tag":[],"class_list":{"0":"post-9199","1":"product","2":"type-product","3":"status-publish","5":"product_cat-malvasija-orange-wines","6":"product_cat-orange-wines","7":"pa_alcohol-457","8":"pa_colour-orange","9":"pa_country-croatia","10":"pa_region-dalmatia","11":"pa_residual-sugar-semi-dry","12":"pa_subregion-central-and-south-dalmatia","13":"pa_variety-malvasija","14":"pa_vineyard-konavle","15":"pa_volume-750-ml","17":"first","18":"outofstock","19":"taxable","20":"shipping-taxable","21":"product-type-simple"},"_links":{"self":[{"href":"https:\/\/vinoljubac.hr\/hr\/wp-json\/wp\/v2\/product\/9199","targetHints":{"allow":["GET"]}}],"collection":[{"href":"https:\/\/vinoljubac.hr\/hr\/wp-json\/wp\/v2\/product"}],"about":[{"href":"https:\/\/vinoljubac.hr\/hr\/wp-json\/wp\/v2\/types\/product"}],"replies":[{"embeddable":true,"href":"https:\/\/vinoljubac.hr\/hr\/wp-json\/wp\/v2\/comments?post=9199"}],"version-history":[{"count":1,"href":"https:\/\/vinoljubac.hr\/hr\/wp-json\/wp\/v2\/product\/9199\/revisions"}],"predecessor-version":[{"id":11031,"href":"https:\/\/vinoljubac.hr\/hr\/wp-json\/wp\/v2\/product\/9199\/revisions\/11031"}],"wp:attachment":[{"href":"https:\/\/vinoljubac.hr\/hr\/wp-json\/wp\/v2\/media?parent=9199"}],"wp:term":[{"taxonomy":"product_brand","embeddable":true,"href":"https:\/\/vinoljubac.hr\/hr\/wp-json\/wp\/v2\/product_brand?post=9199"},{"taxonomy":"product_cat","embeddable":true,"href":"https:\/\/vinoljubac.hr\/hr\/wp-json\/wp\/v2\/product_cat?post=9199"},{"taxonomy":"product_tag","embeddable":true,"href":"https:\/\/vinoljubac.hr\/hr\/wp-json\/wp\/v2\/product_tag?post=9199"}],"curies":[{"name":"wp","href":"https:\/\/api.w.org\/{rel}","templated":true}]}}