{"id":9233,"date":"2023-07-27T11:22:41","date_gmt":"2023-07-27T09:22:41","guid":{"rendered":"https:\/\/vinoljubac.hr\/?post_type=product&#038;p=9233"},"modified":"2023-11-16T12:56:08","modified_gmt":"2023-11-16T11:56:08","slug":"terra-madre-posip-premium","status":"publish","type":"product","link":"https:\/\/vinoljubac.hr\/hr\/proizvod\/terra-madre-posip-premium\/","title":{"rendered":"TERRA MADRE PO\u0160IP PREMIUM"},"content":{"rendered":"","protected":false},"excerpt":{"rendered":"<p>Svje\u017ee i mineralno vino, a u isto vrijeme punog okusa i slojevitog mirisa. \nMirisom dominiraju arome tropskog vo\u0107a (ananas, banana) i tipi\u010dnog mediteranskog bilja.\nOkusom svje\u017e, \u017eivahnih kiselina sa stanovitom so\u010dno\u0161\u0107u koja mu daje lijepu ravnote\u017eu. Preporu\u010duje se servirati uz morsku ribu i \u0161koljke.<\/p>","protected":false},"featured_media":0,"comment_status":"open","ping_status":"closed","template":"","meta":{"om_disable_all_campaigns":false,"_monsterinsights_skip_tracking":false,"_monsterinsights_sitenote_active":false,"_monsterinsights_sitenote_note":"","_monsterinsights_sitenote_category":0},"product_brand":[],"product_cat":[177,44],"product_tag":[],"class_list":{"0":"post-9233","1":"product","2":"type-product","3":"status-publish","5":"product_cat-posip","6":"product_cat-white-wines","7":"pa_alcohol-14-2","8":"pa_colour-white","9":"pa_country-croatia","10":"pa_region-dalmatia","11":"pa_residual-sugar-dry","12":"pa_subregion-central-and-south-dalmatia","13":"pa_variety-posip","14":"pa_vineyard-komarna","15":"pa_volume-750-ml","17":"first","18":"instock","19":"taxable","20":"shipping-taxable","21":"product-type-simple"},"_links":{"self":[{"href":"https:\/\/vinoljubac.hr\/hr\/wp-json\/wp\/v2\/product\/9233","targetHints":{"allow":["GET"]}}],"collection":[{"href":"https:\/\/vinoljubac.hr\/hr\/wp-json\/wp\/v2\/product"}],"about":[{"href":"https:\/\/vinoljubac.hr\/hr\/wp-json\/wp\/v2\/types\/product"}],"replies":[{"embeddable":true,"href":"https:\/\/vinoljubac.hr\/hr\/wp-json\/wp\/v2\/comments?post=9233"}],"version-history":[{"count":0,"href":"https:\/\/vinoljubac.hr\/hr\/wp-json\/wp\/v2\/product\/9233\/revisions"}],"wp:attachment":[{"href":"https:\/\/vinoljubac.hr\/hr\/wp-json\/wp\/v2\/media?parent=9233"}],"wp:term":[{"taxonomy":"product_brand","embeddable":true,"href":"https:\/\/vinoljubac.hr\/hr\/wp-json\/wp\/v2\/product_brand?post=9233"},{"taxonomy":"product_cat","embeddable":true,"href":"https:\/\/vinoljubac.hr\/hr\/wp-json\/wp\/v2\/product_cat?post=9233"},{"taxonomy":"product_tag","embeddable":true,"href":"https:\/\/vinoljubac.hr\/hr\/wp-json\/wp\/v2\/product_tag?post=9233"}],"curies":[{"name":"wp","href":"https:\/\/api.w.org\/{rel}","templated":true}]}}