{"id":9236,"date":"2023-07-27T11:29:27","date_gmt":"2023-07-27T09:29:27","guid":{"rendered":"https:\/\/vinoljubac.hr\/?post_type=product&#038;p=9236"},"modified":"2023-08-01T12:38:57","modified_gmt":"2023-08-01T10:38:57","slug":"terra-madre-plavac-mali-premium","status":"publish","type":"product","link":"https:\/\/vinoljubac.hr\/hr\/proizvod\/terra-madre-plavac-mali-premium\/","title":{"rendered":"TERRA MADRE PLAVAC MALI PREMIUM"},"content":{"rendered":"","protected":false},"excerpt":{"rendered":"<p>Moderno vino, punog tijela, izra\u017eenih aroma zrelog i prezrelog vo\u0107a te bar\u0161unastih tanina. Boja mu je rubinska tamnocrvena dok na nosu dominiraju suha \u0161ljiva, smokva, borovnica, za\u010dini i dim. Vino je okusom vrlo koncentrirano i bogato. Plavac Mali iz vinogorja Komarna ima posebnu, karakteristi\u010dnu \ntrpkost i blagu kiselost s posebnom aromom vo\u0107a i za\u010dina. Najbolje poslu\u017eiti uz divlja\u010d, pa\u0161ticadu ili druge dalmatinske specijalitete.<\/p>","protected":false},"featured_media":0,"comment_status":"open","ping_status":"closed","template":"","meta":{"om_disable_all_campaigns":false,"_monsterinsights_skip_tracking":false,"_monsterinsights_sitenote_active":false,"_monsterinsights_sitenote_note":"","_monsterinsights_sitenote_category":0},"product_brand":[],"product_cat":[106,43],"product_tag":[],"class_list":{"0":"post-9236","1":"product","2":"type-product","3":"status-publish","5":"product_cat-plavac-mali","6":"product_cat-red-wines","7":"pa_alcohol-483","8":"pa_colour-red","9":"pa_country-croatia","10":"pa_region-dalmatia","11":"pa_residual-sugar-dry","12":"pa_subregion-central-and-south-dalmatia","13":"pa_variety-plavac-mali","14":"pa_vineyard-komarna","15":"pa_volume-750-ml","17":"first","18":"onbackorder","19":"taxable","20":"shipping-taxable","21":"product-type-simple"},"_links":{"self":[{"href":"https:\/\/vinoljubac.hr\/hr\/wp-json\/wp\/v2\/product\/9236","targetHints":{"allow":["GET"]}}],"collection":[{"href":"https:\/\/vinoljubac.hr\/hr\/wp-json\/wp\/v2\/product"}],"about":[{"href":"https:\/\/vinoljubac.hr\/hr\/wp-json\/wp\/v2\/types\/product"}],"replies":[{"embeddable":true,"href":"https:\/\/vinoljubac.hr\/hr\/wp-json\/wp\/v2\/comments?post=9236"}],"version-history":[{"count":0,"href":"https:\/\/vinoljubac.hr\/hr\/wp-json\/wp\/v2\/product\/9236\/revisions"}],"wp:attachment":[{"href":"https:\/\/vinoljubac.hr\/hr\/wp-json\/wp\/v2\/media?parent=9236"}],"wp:term":[{"taxonomy":"product_brand","embeddable":true,"href":"https:\/\/vinoljubac.hr\/hr\/wp-json\/wp\/v2\/product_brand?post=9236"},{"taxonomy":"product_cat","embeddable":true,"href":"https:\/\/vinoljubac.hr\/hr\/wp-json\/wp\/v2\/product_cat?post=9236"},{"taxonomy":"product_tag","embeddable":true,"href":"https:\/\/vinoljubac.hr\/hr\/wp-json\/wp\/v2\/product_tag?post=9236"}],"curies":[{"name":"wp","href":"https:\/\/api.w.org\/{rel}","templated":true}]}}