{"id":9571,"date":"2023-08-14T10:47:10","date_gmt":"2023-08-14T08:47:10","guid":{"rendered":"https:\/\/vinoljubac.hr\/?post_type=product&#038;p=9571"},"modified":"2024-01-16T11:00:05","modified_gmt":"2024-01-16T10:00:05","slug":"enosophia-rubi-fusion","status":"publish","type":"product","link":"https:\/\/vinoljubac.hr\/hr\/proizvod\/enosophia-rubi-fusion\/","title":{"rendered":"ENOSOPHIA RUBI FUSION"},"content":{"rendered":"","protected":false},"excerpt":{"rendered":"<p>Neprobojna rubinska crvena boja, arome \u0161ljive i zrelog bobi\u010dastog vo\u0107a. Punog tijela s lijepim utjecajem drveta koji daje slatke za\u010dine i vaniliju. Zavodljivog okusa s nje\u017enim sortnim strukturama svih kupa\u017eiranih vina. Poslu\u017eiti uz hladna predjela od suhog mesa, a sla\u017ee se i uz divlja\u010d, janje\u0107e i gove\u0111e meso te uz jela od rije\u010dnih riba.<\/p>","protected":false},"featured_media":0,"comment_status":"open","ping_status":"closed","template":"","meta":{"om_disable_all_campaigns":false,"_monsterinsights_skip_tracking":false,"_monsterinsights_sitenote_active":false,"_monsterinsights_sitenote_note":"","_monsterinsights_sitenote_category":0},"product_brand":[],"product_cat":[49,192,46,43],"product_tag":[],"class_list":{"0":"post-9571","1":"product","2":"type-product","3":"status-publish","5":"product_cat-cabernet-sauvignon","6":"product_cat-frankovka","7":"product_cat-merlot","8":"product_cat-red-wines","9":"pa_alcohol-14-2","10":"pa_colour-red","11":"pa_country-croatia","12":"pa_region-slavonia-and-croatian-danube","13":"pa_residual-sugar-dry","14":"pa_subregion-slavonia","15":"pa_variety-cabernet-sauvignon","16":"pa_variety-frankovka","17":"pa_variety-merlot","18":"pa_vineyard-fericanci","19":"pa_volume-750-ml","21":"first","22":"instock","23":"taxable","24":"shipping-taxable","25":"product-type-simple"},"_links":{"self":[{"href":"https:\/\/vinoljubac.hr\/hr\/wp-json\/wp\/v2\/product\/9571","targetHints":{"allow":["GET"]}}],"collection":[{"href":"https:\/\/vinoljubac.hr\/hr\/wp-json\/wp\/v2\/product"}],"about":[{"href":"https:\/\/vinoljubac.hr\/hr\/wp-json\/wp\/v2\/types\/product"}],"replies":[{"embeddable":true,"href":"https:\/\/vinoljubac.hr\/hr\/wp-json\/wp\/v2\/comments?post=9571"}],"version-history":[{"count":0,"href":"https:\/\/vinoljubac.hr\/hr\/wp-json\/wp\/v2\/product\/9571\/revisions"}],"wp:attachment":[{"href":"https:\/\/vinoljubac.hr\/hr\/wp-json\/wp\/v2\/media?parent=9571"}],"wp:term":[{"taxonomy":"product_brand","embeddable":true,"href":"https:\/\/vinoljubac.hr\/hr\/wp-json\/wp\/v2\/product_brand?post=9571"},{"taxonomy":"product_cat","embeddable":true,"href":"https:\/\/vinoljubac.hr\/hr\/wp-json\/wp\/v2\/product_cat?post=9571"},{"taxonomy":"product_tag","embeddable":true,"href":"https:\/\/vinoljubac.hr\/hr\/wp-json\/wp\/v2\/product_tag?post=9571"}],"curies":[{"name":"wp","href":"https:\/\/api.w.org\/{rel}","templated":true}]}}