{"id":9582,"date":"2023-08-14T12:45:46","date_gmt":"2023-08-14T10:45:46","guid":{"rendered":"https:\/\/vinoljubac.hr\/?post_type=product&#038;p=9582"},"modified":"2024-12-07T20:12:27","modified_gmt":"2024-12-07T19:12:27","slug":"enosophia-dika-grasevina","status":"publish","type":"product","link":"https:\/\/vinoljubac.hr\/hr\/proizvod\/enosophia-dika-grasevina\/","title":{"rendered":"ENOSOPHIA DIKA GRA\u0160EVINA"},"content":{"rendered":"","protected":false},"excerpt":{"rendered":"<p class=\"tw-data-text tw-text-large tw-ta translation-block\" dir=\"ltr\" data-placeholder=\"Prijevod\">Vino zelenkasto \u017eute boje u kojem prevladavaju arome limuna i zelene jabuke. Suho je, lepr\u0161avo i svje\u017ee s ugodnom bademastom gor\u010dinom koja daje posebnu \u017eivost. Ku\u0161ati uz doma\u0107e nareske, tjesteninu s povr\u0107em i bijelu ribu.<\/p>","protected":false},"featured_media":0,"comment_status":"open","ping_status":"closed","template":"","meta":{"om_disable_all_campaigns":false,"_monsterinsights_skip_tracking":false,"_monsterinsights_sitenote_active":false,"_monsterinsights_sitenote_note":"","_monsterinsights_sitenote_category":0},"product_brand":[],"product_cat":[216,44],"product_tag":[],"class_list":{"0":"post-9582","1":"product","2":"type-product","3":"status-publish","5":"product_cat-grasevina-white-wines","6":"product_cat-white-wines","7":"pa_alcohol-461","8":"pa_colour-white","9":"pa_country-croatia","10":"pa_region-slavonia-and-croatian-danube","11":"pa_residual-sugar-dry","12":"pa_subregion-slavonia","13":"pa_variety-grasevina","14":"pa_vineyard-fericanci","15":"pa_volume-750-ml","17":"first","18":"instock","19":"taxable","20":"shipping-taxable","21":"product-type-simple"},"_links":{"self":[{"href":"https:\/\/vinoljubac.hr\/hr\/wp-json\/wp\/v2\/product\/9582","targetHints":{"allow":["GET"]}}],"collection":[{"href":"https:\/\/vinoljubac.hr\/hr\/wp-json\/wp\/v2\/product"}],"about":[{"href":"https:\/\/vinoljubac.hr\/hr\/wp-json\/wp\/v2\/types\/product"}],"replies":[{"embeddable":true,"href":"https:\/\/vinoljubac.hr\/hr\/wp-json\/wp\/v2\/comments?post=9582"}],"version-history":[{"count":0,"href":"https:\/\/vinoljubac.hr\/hr\/wp-json\/wp\/v2\/product\/9582\/revisions"}],"wp:attachment":[{"href":"https:\/\/vinoljubac.hr\/hr\/wp-json\/wp\/v2\/media?parent=9582"}],"wp:term":[{"taxonomy":"product_brand","embeddable":true,"href":"https:\/\/vinoljubac.hr\/hr\/wp-json\/wp\/v2\/product_brand?post=9582"},{"taxonomy":"product_cat","embeddable":true,"href":"https:\/\/vinoljubac.hr\/hr\/wp-json\/wp\/v2\/product_cat?post=9582"},{"taxonomy":"product_tag","embeddable":true,"href":"https:\/\/vinoljubac.hr\/hr\/wp-json\/wp\/v2\/product_tag?post=9582"}],"curies":[{"name":"wp","href":"https:\/\/api.w.org\/{rel}","templated":true}]}}