{"id":9595,"date":"2023-08-16T11:11:47","date_gmt":"2023-08-16T09:11:47","guid":{"rendered":"https:\/\/vinoljubac.hr\/?post_type=product&#038;p=9595"},"modified":"2023-11-16T12:47:03","modified_gmt":"2023-11-16T11:47:03","slug":"wise-grus-peach-brandy","status":"publish","type":"product","link":"https:\/\/vinoljubac.hr\/hr\/proizvod\/wise-grus-peach-brandy\/","title":{"rendered":"WISE GRUS BRESKVA"},"content":{"rendered":"","protected":false},"excerpt":{"rendered":"<p>Ljetno vo\u0107e koje u sebi objedinjuje osvje\u017eenje i pravu poslasticu. Topli ljetni dan i hladna rakija od breskve idealna su kombinacija za svakog ljubitelja dobre kapljice. Ku\u0161ajte ovu rakiju ohla\u0111enu i osjetite snagu sunca skupljenu u zrelim i so\u010dnim slavonskim breskvama.<\/p>","protected":false},"featured_media":0,"comment_status":"open","ping_status":"closed","template":"","meta":{"om_disable_all_campaigns":false,"_monsterinsights_skip_tracking":false,"_monsterinsights_sitenote_active":false,"_monsterinsights_sitenote_note":"","_monsterinsights_sitenote_category":0},"product_brand":[],"product_cat":[725,80],"product_tag":[],"class_list":{"0":"post-9595","1":"product","2":"type-product","3":"status-publish","5":"product_cat-brandy","6":"product_cat-spirits","7":"pa_alcohol-263","8":"pa_country-croatia","9":"pa_type-of-drink-brandy","10":"pa_volume-700-ml","12":"first","13":"instock","14":"taxable","15":"shipping-taxable","16":"product-type-simple"},"_links":{"self":[{"href":"https:\/\/vinoljubac.hr\/hr\/wp-json\/wp\/v2\/product\/9595","targetHints":{"allow":["GET"]}}],"collection":[{"href":"https:\/\/vinoljubac.hr\/hr\/wp-json\/wp\/v2\/product"}],"about":[{"href":"https:\/\/vinoljubac.hr\/hr\/wp-json\/wp\/v2\/types\/product"}],"replies":[{"embeddable":true,"href":"https:\/\/vinoljubac.hr\/hr\/wp-json\/wp\/v2\/comments?post=9595"}],"version-history":[{"count":0,"href":"https:\/\/vinoljubac.hr\/hr\/wp-json\/wp\/v2\/product\/9595\/revisions"}],"wp:attachment":[{"href":"https:\/\/vinoljubac.hr\/hr\/wp-json\/wp\/v2\/media?parent=9595"}],"wp:term":[{"taxonomy":"product_brand","embeddable":true,"href":"https:\/\/vinoljubac.hr\/hr\/wp-json\/wp\/v2\/product_brand?post=9595"},{"taxonomy":"product_cat","embeddable":true,"href":"https:\/\/vinoljubac.hr\/hr\/wp-json\/wp\/v2\/product_cat?post=9595"},{"taxonomy":"product_tag","embeddable":true,"href":"https:\/\/vinoljubac.hr\/hr\/wp-json\/wp\/v2\/product_tag?post=9595"}],"curies":[{"name":"wp","href":"https:\/\/api.w.org\/{rel}","templated":true}]}}