{"id":9598,"date":"2023-08-16T11:26:09","date_gmt":"2023-08-16T09:26:09","guid":{"rendered":"https:\/\/vinoljubac.hr\/?post_type=product&#038;p=9598"},"modified":"2023-11-16T12:46:35","modified_gmt":"2023-11-16T11:46:35","slug":"wise-grus-quince-brandy","status":"publish","type":"product","link":"https:\/\/vinoljubac.hr\/hr\/proizvod\/wise-grus-quince-brandy\/","title":{"rendered":"WISE GRUS DUNJA"},"content":{"rendered":"","protected":false},"excerpt":{"rendered":"<p>Svima poznati miris \u201edunje sa ormara\u201d sada je sa\u010duvan u boci ove vrhunske rakije te je spreman da ga otvorite i podijelite s najdra\u017eima. Miris meda i suhog sijena sljubljuju se s okusima svje\u017eeg ploda dunje s dugom perzistencijom koja \u0107e zadiviti i najzahtjevnije ljubitelje rakija.<\/p>","protected":false},"featured_media":0,"comment_status":"open","ping_status":"closed","template":"","meta":{"om_disable_all_campaigns":false,"_monsterinsights_skip_tracking":false,"_monsterinsights_sitenote_active":false,"_monsterinsights_sitenote_note":"","_monsterinsights_sitenote_category":0},"product_brand":[],"product_cat":[725,80],"product_tag":[],"class_list":{"0":"post-9598","1":"product","2":"type-product","3":"status-publish","5":"product_cat-brandy","6":"product_cat-spirits","7":"pa_alcohol-263","8":"pa_country-croatia","9":"pa_type-of-drink-brandy","10":"pa_volume-700-ml","12":"first","13":"instock","14":"taxable","15":"shipping-taxable","16":"product-type-simple"},"_links":{"self":[{"href":"https:\/\/vinoljubac.hr\/hr\/wp-json\/wp\/v2\/product\/9598","targetHints":{"allow":["GET"]}}],"collection":[{"href":"https:\/\/vinoljubac.hr\/hr\/wp-json\/wp\/v2\/product"}],"about":[{"href":"https:\/\/vinoljubac.hr\/hr\/wp-json\/wp\/v2\/types\/product"}],"replies":[{"embeddable":true,"href":"https:\/\/vinoljubac.hr\/hr\/wp-json\/wp\/v2\/comments?post=9598"}],"version-history":[{"count":0,"href":"https:\/\/vinoljubac.hr\/hr\/wp-json\/wp\/v2\/product\/9598\/revisions"}],"wp:attachment":[{"href":"https:\/\/vinoljubac.hr\/hr\/wp-json\/wp\/v2\/media?parent=9598"}],"wp:term":[{"taxonomy":"product_brand","embeddable":true,"href":"https:\/\/vinoljubac.hr\/hr\/wp-json\/wp\/v2\/product_brand?post=9598"},{"taxonomy":"product_cat","embeddable":true,"href":"https:\/\/vinoljubac.hr\/hr\/wp-json\/wp\/v2\/product_cat?post=9598"},{"taxonomy":"product_tag","embeddable":true,"href":"https:\/\/vinoljubac.hr\/hr\/wp-json\/wp\/v2\/product_tag?post=9598"}],"curies":[{"name":"wp","href":"https:\/\/api.w.org\/{rel}","templated":true}]}}