{"id":9679,"date":"2023-08-21T12:01:17","date_gmt":"2023-08-21T10:01:17","guid":{"rendered":"https:\/\/vinoljubac.hr\/?post_type=product&#038;p=9679"},"modified":"2025-04-01T14:17:24","modified_gmt":"2025-04-01T12:17:24","slug":"galic-mixed-wine-case","status":"publish","type":"product","link":"https:\/\/vinoljubac.hr\/hr\/proizvod\/galic-mixed-wine-case\/","title":{"rendered":"GALI\u0106 VINSKI PAKET"},"content":{"rendered":"","protected":false},"excerpt":{"rendered":"<p>Gali\u0107 vinski paket uklju\u010duje \u010detiri boce vina vrhunske kvalitete iz Slavonije. Bilo da se \u017eelite po\u010dastiti vinom ili ga pokloniti, s ovim paketom ne\u0107ete pogrije\u0161iti.<\/p>\n<p>Paket uklju\u010duje:<\/p>\n<p>1x Gali\u0107 G-To\u010dka Bijelo 750 ml<\/p>\n<p>1x Gali\u0107 G-To\u010dka Crno 750 ml<\/p>\n<p>1x Gali\u0107 Ros\u00e9 750 ml<\/p>\n<p>1x Gali\u0107 Sauvignon 750 ml<\/p>\n<p>&nbsp;<\/p>","protected":false},"featured_media":9685,"comment_status":"open","ping_status":"closed","template":"","meta":{"om_disable_all_campaigns":false,"_monsterinsights_skip_tracking":false,"_monsterinsights_sitenote_active":false,"_monsterinsights_sitenote_note":"","_monsterinsights_sitenote_category":0},"product_brand":[],"product_cat":[49,233,216,46,234,235,43,78,284,44],"product_tag":[],"class_list":{"0":"post-9679","1":"product","2":"type-product","3":"status-publish","4":"has-post-thumbnail","6":"product_cat-cabernet-sauvignon","7":"product_cat-cabernet-sauvignon-rose-wines","8":"product_cat-grasevina-white-wines","9":"product_cat-merlot","10":"product_cat-merlot-rose-wines","11":"product_cat-pinot-noir-rose-wines","12":"product_cat-red-wines","13":"product_cat-rose-wines","14":"product_cat-sauvignon-blanc-white-wines","15":"product_cat-white-wines","17":"first","18":"instock","19":"sale","20":"featured","21":"taxable","22":"shipping-taxable","23":"product-type-simple"},"_links":{"self":[{"href":"https:\/\/vinoljubac.hr\/hr\/wp-json\/wp\/v2\/product\/9679","targetHints":{"allow":["GET"]}}],"collection":[{"href":"https:\/\/vinoljubac.hr\/hr\/wp-json\/wp\/v2\/product"}],"about":[{"href":"https:\/\/vinoljubac.hr\/hr\/wp-json\/wp\/v2\/types\/product"}],"replies":[{"embeddable":true,"href":"https:\/\/vinoljubac.hr\/hr\/wp-json\/wp\/v2\/comments?post=9679"}],"version-history":[{"count":1,"href":"https:\/\/vinoljubac.hr\/hr\/wp-json\/wp\/v2\/product\/9679\/revisions"}],"predecessor-version":[{"id":11062,"href":"https:\/\/vinoljubac.hr\/hr\/wp-json\/wp\/v2\/product\/9679\/revisions\/11062"}],"wp:featuredmedia":[{"embeddable":true,"href":"https:\/\/vinoljubac.hr\/hr\/wp-json\/wp\/v2\/media\/9685"}],"wp:attachment":[{"href":"https:\/\/vinoljubac.hr\/hr\/wp-json\/wp\/v2\/media?parent=9679"}],"wp:term":[{"taxonomy":"product_brand","embeddable":true,"href":"https:\/\/vinoljubac.hr\/hr\/wp-json\/wp\/v2\/product_brand?post=9679"},{"taxonomy":"product_cat","embeddable":true,"href":"https:\/\/vinoljubac.hr\/hr\/wp-json\/wp\/v2\/product_cat?post=9679"},{"taxonomy":"product_tag","embeddable":true,"href":"https:\/\/vinoljubac.hr\/hr\/wp-json\/wp\/v2\/product_tag?post=9679"}],"curies":[{"name":"wp","href":"https:\/\/api.w.org\/{rel}","templated":true}]}}