{"id":9749,"date":"2023-08-25T11:44:57","date_gmt":"2023-08-25T09:44:57","guid":{"rendered":"https:\/\/vinoljubac.hr\/?post_type=product&#038;p=9749"},"modified":"2023-11-16T12:32:34","modified_gmt":"2023-11-16T11:32:34","slug":"katunar-biser-mora","status":"publish","type":"product","link":"https:\/\/vinoljubac.hr\/hr\/proizvod\/katunar-biser-mora\/","title":{"rendered":"KATUNAR BISER MORA"},"content":{"rendered":"","protected":false},"excerpt":{"rendered":"<p>Prvo hrvatsko biser vino s prirodnim tlakom od svega dva bara. Svrstava se u kategoriju poluslatkih vina pa bi ga se moglo proglasiti tipi\u010dnim \u017eenskim vinom. Me\u0111utim, kad se dobro ohladi ni mu\u0161karci mu ne mogu odoljeti. Preporu\u010duje se konzumirati kao aperitiv ili uz deserte nakon laganog ljetnog ru\u010dka, a dobro funkcionira i uz kanape sendvi\u010de.<\/p>","protected":false},"featured_media":0,"comment_status":"open","ping_status":"closed","template":"","meta":{"om_disable_all_campaigns":false,"_monsterinsights_skip_tracking":false,"_monsterinsights_sitenote_active":false,"_monsterinsights_sitenote_note":"","_monsterinsights_sitenote_category":0},"product_brand":[],"product_cat":[737,738,735,736],"product_tag":[],"class_list":{"0":"post-9749","1":"product","2":"type-product","3":"status-publish","5":"product_cat-chardonnay-semi-sparkling-wines","6":"product_cat-pinot-blanc-semi-sparkling-wines","7":"product_cat-semi-sparkling-wines","8":"product_cat-zlahtina-semi-sparkling-wines","9":"pa_alcohol-282","10":"pa_colour-white","11":"pa_country-croatia","12":"pa_region-istria-and-croatian-littoral","13":"pa_residual-sugar-semi-sweet","14":"pa_subregion-kvarner-and-croatian-littoral","15":"pa_variety-chardonnay","16":"pa_variety-pinot-blanc","17":"pa_variety-zlahtina","18":"pa_vineyard-krk","19":"pa_volume-750-ml","21":"first","22":"instock","23":"taxable","24":"shipping-taxable","25":"product-type-simple"},"_links":{"self":[{"href":"https:\/\/vinoljubac.hr\/hr\/wp-json\/wp\/v2\/product\/9749","targetHints":{"allow":["GET"]}}],"collection":[{"href":"https:\/\/vinoljubac.hr\/hr\/wp-json\/wp\/v2\/product"}],"about":[{"href":"https:\/\/vinoljubac.hr\/hr\/wp-json\/wp\/v2\/types\/product"}],"replies":[{"embeddable":true,"href":"https:\/\/vinoljubac.hr\/hr\/wp-json\/wp\/v2\/comments?post=9749"}],"version-history":[{"count":0,"href":"https:\/\/vinoljubac.hr\/hr\/wp-json\/wp\/v2\/product\/9749\/revisions"}],"wp:attachment":[{"href":"https:\/\/vinoljubac.hr\/hr\/wp-json\/wp\/v2\/media?parent=9749"}],"wp:term":[{"taxonomy":"product_brand","embeddable":true,"href":"https:\/\/vinoljubac.hr\/hr\/wp-json\/wp\/v2\/product_brand?post=9749"},{"taxonomy":"product_cat","embeddable":true,"href":"https:\/\/vinoljubac.hr\/hr\/wp-json\/wp\/v2\/product_cat?post=9749"},{"taxonomy":"product_tag","embeddable":true,"href":"https:\/\/vinoljubac.hr\/hr\/wp-json\/wp\/v2\/product_tag?post=9749"}],"curies":[{"name":"wp","href":"https:\/\/api.w.org\/{rel}","templated":true}]}}