{"id":9756,"date":"2023-08-29T12:01:34","date_gmt":"2023-08-29T10:01:34","guid":{"rendered":"https:\/\/vinoljubac.hr\/?post_type=product&#038;p=9756"},"modified":"2025-11-21T13:10:57","modified_gmt":"2025-11-21T12:10:57","slug":"simunkovic-plavac-mali","status":"publish","type":"product","link":"https:\/\/vinoljubac.hr\/hr\/proizvod\/simunkovic-plavac-mali\/","title":{"rendered":"\u0160IMUNKOVI\u0106 PLAVAC MALI"},"content":{"rendered":"","protected":false},"excerpt":{"rendered":"<p>Vino je napravljeno tradicionalnom metodom u obiteljskoj boutique vinariji koja se nalazi u kamenom zdanju starom 300 godina. Vino odle\u017eava u najboljim francuskim ba\u010dvama koje su tek malo paljene iznutra te se na taj na\u010din zaokru\u017euje i aromatizira.<\/p>","protected":false},"featured_media":0,"comment_status":"open","ping_status":"closed","template":"","meta":{"om_disable_all_campaigns":false,"_monsterinsights_skip_tracking":false,"_monsterinsights_sitenote_active":false,"_monsterinsights_sitenote_note":"","_monsterinsights_sitenote_category":0},"product_brand":[],"product_cat":[106,43],"product_tag":[],"class_list":{"0":"post-9756","1":"product","2":"type-product","3":"status-publish","5":"product_cat-plavac-mali","6":"product_cat-red-wines","7":"pa_alcohol-136","8":"pa_colour-red","9":"pa_country-croatia","10":"pa_region-dalmatia","11":"pa_residual-sugar-dry","12":"pa_subregion-central-and-south-dalmatia","13":"pa_variety-plavac-mali","14":"pa_vineyard-peljesac","15":"pa_volume-750-ml","17":"first","18":"instock","19":"taxable","20":"shipping-taxable","21":"product-type-simple"},"_links":{"self":[{"href":"https:\/\/vinoljubac.hr\/hr\/wp-json\/wp\/v2\/product\/9756","targetHints":{"allow":["GET"]}}],"collection":[{"href":"https:\/\/vinoljubac.hr\/hr\/wp-json\/wp\/v2\/product"}],"about":[{"href":"https:\/\/vinoljubac.hr\/hr\/wp-json\/wp\/v2\/types\/product"}],"replies":[{"embeddable":true,"href":"https:\/\/vinoljubac.hr\/hr\/wp-json\/wp\/v2\/comments?post=9756"}],"version-history":[{"count":1,"href":"https:\/\/vinoljubac.hr\/hr\/wp-json\/wp\/v2\/product\/9756\/revisions"}],"predecessor-version":[{"id":11198,"href":"https:\/\/vinoljubac.hr\/hr\/wp-json\/wp\/v2\/product\/9756\/revisions\/11198"}],"wp:attachment":[{"href":"https:\/\/vinoljubac.hr\/hr\/wp-json\/wp\/v2\/media?parent=9756"}],"wp:term":[{"taxonomy":"product_brand","embeddable":true,"href":"https:\/\/vinoljubac.hr\/hr\/wp-json\/wp\/v2\/product_brand?post=9756"},{"taxonomy":"product_cat","embeddable":true,"href":"https:\/\/vinoljubac.hr\/hr\/wp-json\/wp\/v2\/product_cat?post=9756"},{"taxonomy":"product_tag","embeddable":true,"href":"https:\/\/vinoljubac.hr\/hr\/wp-json\/wp\/v2\/product_tag?post=9756"}],"curies":[{"name":"wp","href":"https:\/\/api.w.org\/{rel}","templated":true}]}}